{"id":257,"date":"2024-02-02T17:20:55","date_gmt":"2024-02-02T17:20:55","guid":{"rendered":"http:\/\/caetano-posters.local\/?page_id=257"},"modified":"2024-05-27T08:39:18","modified_gmt":"2024-05-27T08:39:18","slug":"noi","status":"publish","type":"page","link":"https:\/\/caetanoposters.com\/it\/noi\/","title":{"rendered":"Noi"},"content":{"rendered":"\t\t<div data-elementor-type=\"wp-page\" data-elementor-id=\"257\" class=\"elementor elementor-257\">\n\t\t\t\t<div class=\"elementor-element elementor-element-300d149 e-flex e-con-boxed e-con e-parent\" data-id=\"300d149\" data-element_type=\"container\" data-settings=\"{&quot;background_background&quot;:&quot;classic&quot;}\">\n\t\t\t\t\t<div class=\"e-con-inner\">\n\t\t<div class=\"elementor-element elementor-element-f5fdabe e-flex e-con-boxed elementor-invisible e-con e-child\" data-id=\"f5fdabe\" data-element_type=\"container\" data-settings=\"{&quot;background_background&quot;:&quot;classic&quot;,&quot;animation&quot;:&quot;fadeIn&quot;}\">\n\t\t\t\t\t<div class=\"e-con-inner\">\n\t\t<div class=\"elementor-element elementor-element-bc6f8d5 e-con-full e-flex e-con e-child\" data-id=\"bc6f8d5\" data-element_type=\"container\">\n\t\t\t\t<div class=\"elementor-element elementor-element-f4ab941 elementor-widget elementor-widget-image\" data-id=\"f4ab941\" data-element_type=\"widget\" data-widget_type=\"image.default\">\n\t\t\t\t<div class=\"elementor-widget-container\">\n\t\t\t\t\t\t\t\t\t\t\t\t\t\t\t<img decoding=\"async\" src=\"https:\/\/caetanoposters.com\/it\/wp-content\/uploads\/2024\/01\/23.jpg\" title=\"23\" alt=\"23\" loading=\"lazy\" \/>\t\t\t\t\t\t\t\t\t\t\t\t\t\t\t<\/div>\n\t\t\t\t<\/div>\n\t\t\t\t<\/div>\n\t\t<div class=\"elementor-element elementor-element-3c40dec e-con-full e-flex e-con e-child\" data-id=\"3c40dec\" data-element_type=\"container\">\n\t\t\t\t<div class=\"elementor-element elementor-element-413bc31 elementor-widget elementor-widget-heading\" data-id=\"413bc31\" data-element_type=\"widget\" data-widget_type=\"heading.default\">\n\t\t\t\t<div class=\"elementor-widget-container\">\n\t\t\t\t\t<h6 class=\"elementor-heading-title elementor-size-default\">Cosa \u00e8 Caetano Posters?<\/h6>\t\t\t\t<\/div>\n\t\t\t\t<\/div>\n\t\t\t\t<div class=\"elementor-element elementor-element-53a6b65 elementor-widget elementor-widget-text-editor\" data-id=\"53a6b65\" data-element_type=\"widget\" data-widget_type=\"text-editor.default\">\n\t\t\t\t<div class=\"elementor-widget-container\">\n\t\t\t\t\t\t\t\t\t<p>&#8220;Caetano Posters&#8221; emerge come una notevole incursione artistica, guidata dal designer Italo\/Brasiliano Rodrigo Caetano. Distinguendosi dalla comune convinzione che i poster servano solo per promuovere eventi o prodotti, Caetano adotta un approccio unico nel utilizzare testi biblici come veicolo per esprimere le sue idee artistiche. Le sue opere distintive presentano forme semplici e colori vibranti, influenzate dalla scuola Bauhaus e arricchite dalle sue profonde esperienze con la parola di Dio.<\/p>\t\t\t\t\t\t\t\t<\/div>\n\t\t\t\t<\/div>\n\t\t\t\t<\/div>\n\t\t\t\t\t<\/div>\n\t\t\t\t<\/div>\n\t\t\t\t\t<\/div>\n\t\t\t\t<\/div>\n\t\t<div class=\"elementor-element elementor-element-404f98a e-flex e-con-boxed e-con e-parent\" data-id=\"404f98a\" data-element_type=\"container\" data-settings=\"{&quot;background_background&quot;:&quot;classic&quot;}\">\n\t\t\t\t\t<div class=\"e-con-inner\">\n\t\t<div class=\"elementor-element elementor-element-692550b e-flex e-con-boxed elementor-invisible e-con e-child\" data-id=\"692550b\" data-element_type=\"container\" data-settings=\"{&quot;background_background&quot;:&quot;classic&quot;,&quot;animation&quot;:&quot;fadeIn&quot;}\">\n\t\t\t\t\t<div class=\"e-con-inner\">\n\t\t<div class=\"elementor-element elementor-element-15c5547 e-con-full e-flex e-con e-child\" data-id=\"15c5547\" data-element_type=\"container\">\n\t\t\t\t<div class=\"elementor-element elementor-element-aaa9aba elementor-widget elementor-widget-heading\" data-id=\"aaa9aba\" data-element_type=\"widget\" data-widget_type=\"heading.default\">\n\t\t\t\t<div class=\"elementor-widget-container\">\n\t\t\t\t\t<h6 class=\"elementor-heading-title elementor-size-default\">L'ARTISTA<\/h6>\t\t\t\t<\/div>\n\t\t\t\t<\/div>\n\t\t\t\t<div class=\"elementor-element elementor-element-ecce1ea elementor-widget elementor-widget-text-editor\" data-id=\"ecce1ea\" data-element_type=\"widget\" data-widget_type=\"text-editor.default\">\n\t\t\t\t<div class=\"elementor-widget-container\">\n\t\t\t\t\t\t\t\t\t<p>Rodrigo Caetano, nativo di San Paolo, Brasile, ha dedicato 18 anni della sua vita al mercato come designer grafico, perfezionando le sue abilit\u00e0 in ambiti come il design di packaging, il 3D, il branding e la comunicazione. Tuttavia, la sua vera passione si \u00e8 rivelata in un campo diverso: il affascinante mondo dei poster.<\/p><p>Dopo anni di esperienza in Brasile, Rodrigo ha preso la decisione di stabilirsi nel paese d&#8217;origine della sua famiglia, l&#8217;Italia. In questo nuovo contesto, sta percorrendo la sua strada come imprenditore, con Caetano Posters come uno dei progetti che sta sviluppando con entusiasmo e dedizione.<\/p>\t\t\t\t\t\t\t\t<\/div>\n\t\t\t\t<\/div>\n\t\t\t\t<\/div>\n\t\t<div class=\"elementor-element elementor-element-34d37ae e-con-full e-flex e-con e-child\" data-id=\"34d37ae\" data-element_type=\"container\">\n\t\t\t\t<div class=\"elementor-element elementor-element-6114e57 elementor-widget elementor-widget-image\" data-id=\"6114e57\" data-element_type=\"widget\" data-widget_type=\"image.default\">\n\t\t\t\t<div class=\"elementor-widget-container\">\n\t\t\t\t\t\t\t\t\t\t\t\t\t\t\t<img decoding=\"async\" src=\"https:\/\/caetanoposters.com\/it\/wp-content\/uploads\/2024\/05\/Chi-sono-1.jpg\" title=\"Chi-sono\" alt=\"Chi-sono\" loading=\"lazy\" \/>\t\t\t\t\t\t\t\t\t\t\t\t\t\t\t<\/div>\n\t\t\t\t<\/div>\n\t\t\t\t<\/div>\n\t\t\t\t\t<\/div>\n\t\t\t\t<\/div>\n\t\t\t\t\t<\/div>\n\t\t\t\t<\/div>\n\t\t\t\t<\/div>\n\t\t","protected":false},"excerpt":{"rendered":"<p>Cosa \u00e8 Caetano Posters? &#8220;Caetano Posters&#8221; emerge come una notevole incursione artistica, guidata dal designer Italo\/Brasiliano Rodrigo Caetano. Distinguendosi dalla comune convinzione che i poster servano solo per promuovere eventi o prodotti, Caetano adotta un approccio unico nel utilizzare testi biblici come veicolo per esprimere le sue idee artistiche. Le sue opere distintive presentano forme [&hellip;]<\/p>\n","protected":false},"author":1,"featured_media":0,"parent":0,"menu_order":0,"comment_status":"closed","ping_status":"closed","template":"elementor_header_footer","meta":{"_joinchat":[],"footnotes":""},"class_list":["post-257","page","type-page","status-publish","hentry"],"yoast_head":"<!-- This site is optimized with the Yoast SEO plugin v26.7 - https:\/\/yoast.com\/wordpress\/plugins\/seo\/ -->\n<title>Noi - Caetano Posters<\/title>\n<meta name=\"robots\" content=\"index, follow, max-snippet:-1, max-image-preview:large, max-video-preview:-1\" \/>\n<link rel=\"canonical\" href=\"https:\/\/caetanoposters.com\/it\/noi\/\" \/>\n<meta property=\"og:locale\" content=\"it_IT\" \/>\n<meta property=\"og:type\" content=\"article\" \/>\n<meta property=\"og:title\" content=\"Noi - Caetano Posters\" \/>\n<meta property=\"og:description\" content=\"Cosa \u00e8 Caetano Posters? &#8220;Caetano Posters&#8221; emerge come una notevole incursione artistica, guidata dal designer Italo\/Brasiliano Rodrigo Caetano. Distinguendosi dalla comune convinzione che i poster servano solo per promuovere eventi o prodotti, Caetano adotta un approccio unico nel utilizzare testi biblici come veicolo per esprimere le sue idee artistiche. Le sue opere distintive presentano forme [&hellip;]\" \/>\n<meta property=\"og:url\" content=\"https:\/\/caetanoposters.com\/it\/noi\/\" \/>\n<meta property=\"og:site_name\" content=\"Caetano Posters\" \/>\n<meta property=\"article:publisher\" content=\"https:\/\/www.facebook.com\/people\/Caetano-Posters\/61555187193797\/\" \/>\n<meta property=\"article:modified_time\" content=\"2024-05-27T08:39:18+00:00\" \/>\n<meta property=\"og:image\" content=\"https:\/\/caetanoposters.com\/it\/wp-content\/uploads\/2024\/01\/23.jpg\" \/>\n<meta name=\"twitter:card\" content=\"summary_large_image\" \/>\n<meta name=\"twitter:label1\" content=\"Tempo di lettura stimato\" \/>\n\t<meta name=\"twitter:data1\" content=\"2 minuti\" \/>\n<script type=\"application\/ld+json\" class=\"yoast-schema-graph\">{\"@context\":\"https:\/\/schema.org\",\"@graph\":[{\"@type\":\"WebPage\",\"@id\":\"https:\/\/caetanoposters.com\/it\/noi\/\",\"url\":\"https:\/\/caetanoposters.com\/it\/noi\/\",\"name\":\"Noi - Caetano Posters\",\"isPartOf\":{\"@id\":\"https:\/\/caetanoposters.com\/it\/#website\"},\"primaryImageOfPage\":{\"@id\":\"https:\/\/caetanoposters.com\/it\/noi\/#primaryimage\"},\"image\":{\"@id\":\"https:\/\/caetanoposters.com\/it\/noi\/#primaryimage\"},\"thumbnailUrl\":\"https:\/\/caetanoposters.com\/it\/wp-content\/uploads\/2024\/01\/23.jpg\",\"datePublished\":\"2024-02-02T17:20:55+00:00\",\"dateModified\":\"2024-05-27T08:39:18+00:00\",\"breadcrumb\":{\"@id\":\"https:\/\/caetanoposters.com\/it\/noi\/#breadcrumb\"},\"inLanguage\":\"it-IT\",\"potentialAction\":[{\"@type\":\"ReadAction\",\"target\":[\"https:\/\/caetanoposters.com\/it\/noi\/\"]}]},{\"@type\":\"ImageObject\",\"inLanguage\":\"it-IT\",\"@id\":\"https:\/\/caetanoposters.com\/it\/noi\/#primaryimage\",\"url\":\"https:\/\/caetanoposters.com\/it\/wp-content\/uploads\/2024\/01\/23.jpg\",\"contentUrl\":\"https:\/\/caetanoposters.com\/it\/wp-content\/uploads\/2024\/01\/23.jpg\",\"width\":1080,\"height\":1350},{\"@type\":\"BreadcrumbList\",\"@id\":\"https:\/\/caetanoposters.com\/it\/noi\/#breadcrumb\",\"itemListElement\":[{\"@type\":\"ListItem\",\"position\":1,\"name\":\"In\u00edcio\",\"item\":\"https:\/\/caetanoposters.com\/it\/\"},{\"@type\":\"ListItem\",\"position\":2,\"name\":\"Noi\"}]},{\"@type\":\"WebSite\",\"@id\":\"https:\/\/caetanoposters.com\/it\/#website\",\"url\":\"https:\/\/caetanoposters.com\/it\/\",\"name\":\"Caetano Posters\",\"description\":\"Caetano Posters \u00e9 um projeto art\u00edstico criado pelo designer \u00edtalo-brasileiro Rodrigo Caetano.\",\"publisher\":{\"@id\":\"https:\/\/caetanoposters.com\/it\/#organization\"},\"alternateName\":\"Posters ecommerce\",\"potentialAction\":[{\"@type\":\"SearchAction\",\"target\":{\"@type\":\"EntryPoint\",\"urlTemplate\":\"https:\/\/caetanoposters.com\/it\/?s={search_term_string}\"},\"query-input\":{\"@type\":\"PropertyValueSpecification\",\"valueRequired\":true,\"valueName\":\"search_term_string\"}}],\"inLanguage\":\"it-IT\"},{\"@type\":\"Organization\",\"@id\":\"https:\/\/caetanoposters.com\/it\/#organization\",\"name\":\"Caetano Posters\",\"alternateName\":\"Caetano Posters\",\"url\":\"https:\/\/caetanoposters.com\/it\/\",\"logo\":{\"@type\":\"ImageObject\",\"inLanguage\":\"it-IT\",\"@id\":\"https:\/\/caetanoposters.com\/it\/#\/schema\/logo\/image\/\",\"url\":\"https:\/\/caetanoposters.com\/it\/wp-content\/uploads\/2023\/12\/CP_LOGO_Black.png\",\"contentUrl\":\"https:\/\/caetanoposters.com\/it\/wp-content\/uploads\/2023\/12\/CP_LOGO_Black.png\",\"width\":500,\"height\":157,\"caption\":\"Caetano Posters\"},\"image\":{\"@id\":\"https:\/\/caetanoposters.com\/it\/#\/schema\/logo\/image\/\"},\"sameAs\":[\"https:\/\/www.facebook.com\/people\/Caetano-Posters\/61555187193797\/\",\"https:\/\/www.instagram.com\/caetanoposters\/\"]}]}<\/script>\n<!-- \/ Yoast SEO plugin. -->","yoast_head_json":{"title":"Noi - Caetano Posters","robots":{"index":"index","follow":"follow","max-snippet":"max-snippet:-1","max-image-preview":"max-image-preview:large","max-video-preview":"max-video-preview:-1"},"canonical":"https:\/\/caetanoposters.com\/it\/noi\/","og_locale":"it_IT","og_type":"article","og_title":"Noi - Caetano Posters","og_description":"Cosa \u00e8 Caetano Posters? &#8220;Caetano Posters&#8221; emerge come una notevole incursione artistica, guidata dal designer Italo\/Brasiliano Rodrigo Caetano. Distinguendosi dalla comune convinzione che i poster servano solo per promuovere eventi o prodotti, Caetano adotta un approccio unico nel utilizzare testi biblici come veicolo per esprimere le sue idee artistiche. Le sue opere distintive presentano forme [&hellip;]","og_url":"https:\/\/caetanoposters.com\/it\/noi\/","og_site_name":"Caetano Posters","article_publisher":"https:\/\/www.facebook.com\/people\/Caetano-Posters\/61555187193797\/","article_modified_time":"2024-05-27T08:39:18+00:00","og_image":[{"url":"https:\/\/caetanoposters.com\/it\/wp-content\/uploads\/2024\/01\/23.jpg","type":"","width":"","height":""}],"twitter_card":"summary_large_image","twitter_misc":{"Tempo di lettura stimato":"2 minuti"},"schema":{"@context":"https:\/\/schema.org","@graph":[{"@type":"WebPage","@id":"https:\/\/caetanoposters.com\/it\/noi\/","url":"https:\/\/caetanoposters.com\/it\/noi\/","name":"Noi - Caetano Posters","isPartOf":{"@id":"https:\/\/caetanoposters.com\/it\/#website"},"primaryImageOfPage":{"@id":"https:\/\/caetanoposters.com\/it\/noi\/#primaryimage"},"image":{"@id":"https:\/\/caetanoposters.com\/it\/noi\/#primaryimage"},"thumbnailUrl":"https:\/\/caetanoposters.com\/it\/wp-content\/uploads\/2024\/01\/23.jpg","datePublished":"2024-02-02T17:20:55+00:00","dateModified":"2024-05-27T08:39:18+00:00","breadcrumb":{"@id":"https:\/\/caetanoposters.com\/it\/noi\/#breadcrumb"},"inLanguage":"it-IT","potentialAction":[{"@type":"ReadAction","target":["https:\/\/caetanoposters.com\/it\/noi\/"]}]},{"@type":"ImageObject","inLanguage":"it-IT","@id":"https:\/\/caetanoposters.com\/it\/noi\/#primaryimage","url":"https:\/\/caetanoposters.com\/it\/wp-content\/uploads\/2024\/01\/23.jpg","contentUrl":"https:\/\/caetanoposters.com\/it\/wp-content\/uploads\/2024\/01\/23.jpg","width":1080,"height":1350},{"@type":"BreadcrumbList","@id":"https:\/\/caetanoposters.com\/it\/noi\/#breadcrumb","itemListElement":[{"@type":"ListItem","position":1,"name":"In\u00edcio","item":"https:\/\/caetanoposters.com\/it\/"},{"@type":"ListItem","position":2,"name":"Noi"}]},{"@type":"WebSite","@id":"https:\/\/caetanoposters.com\/it\/#website","url":"https:\/\/caetanoposters.com\/it\/","name":"Caetano Posters","description":"Caetano Posters \u00e9 um projeto art\u00edstico criado pelo designer \u00edtalo-brasileiro Rodrigo Caetano.","publisher":{"@id":"https:\/\/caetanoposters.com\/it\/#organization"},"alternateName":"Posters ecommerce","potentialAction":[{"@type":"SearchAction","target":{"@type":"EntryPoint","urlTemplate":"https:\/\/caetanoposters.com\/it\/?s={search_term_string}"},"query-input":{"@type":"PropertyValueSpecification","valueRequired":true,"valueName":"search_term_string"}}],"inLanguage":"it-IT"},{"@type":"Organization","@id":"https:\/\/caetanoposters.com\/it\/#organization","name":"Caetano Posters","alternateName":"Caetano Posters","url":"https:\/\/caetanoposters.com\/it\/","logo":{"@type":"ImageObject","inLanguage":"it-IT","@id":"https:\/\/caetanoposters.com\/it\/#\/schema\/logo\/image\/","url":"https:\/\/caetanoposters.com\/it\/wp-content\/uploads\/2023\/12\/CP_LOGO_Black.png","contentUrl":"https:\/\/caetanoposters.com\/it\/wp-content\/uploads\/2023\/12\/CP_LOGO_Black.png","width":500,"height":157,"caption":"Caetano Posters"},"image":{"@id":"https:\/\/caetanoposters.com\/it\/#\/schema\/logo\/image\/"},"sameAs":["https:\/\/www.facebook.com\/people\/Caetano-Posters\/61555187193797\/","https:\/\/www.instagram.com\/caetanoposters\/"]}]}},"jetpack_sharing_enabled":true,"_links":{"self":[{"href":"https:\/\/caetanoposters.com\/it\/wp-json\/wp\/v2\/pages\/257","targetHints":{"allow":["GET"]}}],"collection":[{"href":"https:\/\/caetanoposters.com\/it\/wp-json\/wp\/v2\/pages"}],"about":[{"href":"https:\/\/caetanoposters.com\/it\/wp-json\/wp\/v2\/types\/page"}],"author":[{"embeddable":true,"href":"https:\/\/caetanoposters.com\/it\/wp-json\/wp\/v2\/users\/1"}],"replies":[{"embeddable":true,"href":"https:\/\/caetanoposters.com\/it\/wp-json\/wp\/v2\/comments?post=257"}],"version-history":[{"count":37,"href":"https:\/\/caetanoposters.com\/it\/wp-json\/wp\/v2\/pages\/257\/revisions"}],"predecessor-version":[{"id":1162,"href":"https:\/\/caetanoposters.com\/it\/wp-json\/wp\/v2\/pages\/257\/revisions\/1162"}],"wp:attachment":[{"href":"https:\/\/caetanoposters.com\/it\/wp-json\/wp\/v2\/media?parent=257"}],"curies":[{"name":"wp","href":"https:\/\/api.w.org\/{rel}","templated":true}]}}