{"id":3,"date":"2023-12-05T09:34:36","date_gmt":"2023-12-05T09:34:36","guid":{"rendered":"http:\/\/caetano-posters.local\/?page_id=3"},"modified":"2024-03-01T13:28:45","modified_gmt":"2024-03-01T13:28:45","slug":"privacy-policy","status":"publish","type":"page","link":"https:\/\/caetanoposters.com\/it\/privacy-policy\/","title":{"rendered":"Privacy Policy"},"content":{"rendered":"\n<h2 class=\"wp-block-heading\"><strong>Chi siamo<\/strong><\/h2>\n\n\n\n<p> Il nostro indirizzo del sito web \u00e8: <a href=\"https:\/\/caetanoposters.com\/it\">https:\/\/caetanoposters.com\/it<\/a>.<\/p>\n\n\n\n<p><strong>Commenti<\/strong><\/p>\n\n\n\n<p>Quando i visitatori lasciano commenti sul sito, raccogliamo i dati mostrati nel modulo dei commenti, oltre all&#8217;indirizzo IP del visitatore e la stringa dell&#8217;agente utente del browser per aiutare nella rilevazione dello spam.<\/p>\n\n\n\n<p>Una stringa anonimizzata creata dal tuo indirizzo email (chiamata anche hash) pu\u00f2 essere fornita al servizio Gravatar per verificare se lo stai utilizzando. La politica sulla privacy del servizio Gravatar \u00e8 disponibile qui: <a href=\"https:\/\/automattic.com\/privacy\/\">https:\/\/automattic.com\/privacy\/<\/a>. Dopo l&#8217;approvazione del tuo commento, la tua immagine del profilo \u00e8 visibile al pubblico nel contesto del tuo commento.<\/p>\n\n\n\n<p><strong>Media<\/strong><\/p>\n\n\n\n<p>Se carichi immagini sul sito web, dovresti evitare di caricare immagini con dati di posizione incorporati (EXIF GPS). I visitatori del sito web possono scaricare ed estrarre qualsiasi dato di posizione dalle immagini sul sito web.<\/p>\n\n\n\n<p><strong>Cookie<\/strong><\/p>\n\n\n\n<p>Se lasci un commento sul nostro sito, puoi scegliere di salvare il tuo nome, indirizzo email e sito web nei cookie. Questi sono per la tua comodit\u00e0 in modo che tu non debba riempire i tuoi dettagli nuovamente quando lasci un altro commento. Questi cookie dureranno per un anno.<\/p>\n\n\n\n<p>Se visiti la nostra pagina di accesso, imposteremo un cookie temporaneo per determinare se il tuo browser accetta i cookie. Questo cookie non contiene dati personali e viene eliminato quando chiudi il tuo browser.<\/p>\n\n\n\n<p>Quando effettui l&#8217;accesso, configureremo anche diversi cookie per salvare le tue informazioni di accesso e le tue scelte di visualizzazione dello schermo. I cookie di accesso durano due giorni e i cookie delle opzioni dello schermo durano un anno. Se selezioni &#8220;Ricordami&#8221;, il tuo accesso persistir\u00e0 per due settimane. Se esci dal tuo account, i cookie di accesso verranno rimossi.<\/p>\n\n\n\n<p>Se modifichi o pubblichi un articolo, verr\u00e0 salvato un cookie aggiuntivo nel tuo browser. Questo cookie non contiene dati personali e indica semplicemente l&#8217;ID dell&#8217;articolo appena modificato. Scade dopo 1 giorno.<\/p>\n\n\n\n<p>Contenuto incorporato da altri siti web<\/p>\n\n\n\n<p>Testo suggerito: Gli articoli su questo sito possono includere contenuti incorporati (ad esempio video, immagini, articoli, ecc.). I contenuti incorporati da altri siti web si comportano allo stesso modo come se il visitatore avesse visitato l&#8217;altro sito web.<\/p>\n\n\n\n<p>Questi siti web possono raccogliere dati su di te, utilizzare cookie, incorporare ulteriori tracciamenti di terze parti e monitorare la tua interazione con quel contenuto incorporato, incluso il tracciamento della tua interazione con il contenuto incorporato se hai un account e sei connesso a quel sito web.<\/p>\n\n\n\n<p><strong>Con chi condividiamo i tuoi dati<\/strong><\/p>\n\n\n\n<p>Se richiedi un reset della password, il tuo indirizzo IP sar\u00e0 incluso nell&#8217;email di reset.<\/p>\n\n\n\n<p><strong>Per quanto tempo conserviamo i tuoi dati<\/strong><\/p>\n\n\n\n<p>Se lasci un commento, il commento e i suoi metadati vengono conservati indefinitamente. Questo \u00e8 cos\u00ec possiamo riconoscere e approvare automaticamente eventuali commenti successivi anzich\u00e9 tenerli in una coda di moderazione.<\/p>\n\n\n\n<p>Per gli utenti che si registrano sul nostro sito web (se presenti), conserviamo anche le informazioni personali che forniscono nel loro profilo utente. Tutti gli utenti possono vedere, modificare o cancellare le loro informazioni personali in qualsiasi momento (tranne che non possono cambiare il loro nome utente). Gli amministratori del sito web possono anche vedere e modificare tali informazioni.<\/p>\n\n\n\n<p><strong>Quali diritti hai sui tuoi dati<\/strong><\/p>\n\n\n\n<p>Se hai un account su questo sito o hai lasciato commenti, puoi richiedere di ricevere un file esportato dei dati personali che abbiamo su di te, compresi i dati che ci hai fornito. Puoi anche richiedere che cancelliamo tutti i dati personali che abbiamo su di te. Questo non include i dati che siamo obbligati a conservare per scopi amministrativi, legali o di sicurezza.<\/p>\n\n\n\n<p><strong>Dove vengono inviati i tuoi dati<\/strong><\/p>\n\n\n\n<p>Testo suggerito: I commenti dei visitatori potrebbero essere controllati tramite un servizio automatico di rilevamento dello spam.<\/p>\n","protected":false},"excerpt":{"rendered":"<p>Chi siamo Il nostro indirizzo del sito web \u00e8: https:\/\/caetanoposters.com\/it. Commenti Quando i visitatori lasciano commenti sul sito, raccogliamo i dati mostrati nel modulo dei commenti, oltre all&#8217;indirizzo IP del visitatore e la stringa dell&#8217;agente utente del browser per aiutare nella rilevazione dello spam. Una stringa anonimizzata creata dal tuo indirizzo email (chiamata anche hash) [&hellip;]<\/p>\n","protected":false},"author":1,"featured_media":0,"parent":0,"menu_order":0,"comment_status":"closed","ping_status":"closed","template":"","meta":{"_joinchat":[],"footnotes":""},"class_list":["post-3","page","type-page","status-publish","hentry"],"yoast_head":"<!-- This site is optimized with the Yoast SEO plugin v26.7 - https:\/\/yoast.com\/wordpress\/plugins\/seo\/ -->\n<title>Privacy Policy - Caetano Posters<\/title>\n<meta name=\"robots\" content=\"index, follow, max-snippet:-1, max-image-preview:large, max-video-preview:-1\" \/>\n<link rel=\"canonical\" href=\"https:\/\/caetanoposters.com\/it\/privacy-policy\/\" \/>\n<meta property=\"og:locale\" content=\"it_IT\" \/>\n<meta property=\"og:type\" content=\"article\" \/>\n<meta property=\"og:title\" content=\"Privacy Policy - Caetano Posters\" \/>\n<meta property=\"og:description\" content=\"Chi siamo Il nostro indirizzo del sito web \u00e8: https:\/\/caetanoposters.com\/it. Commenti Quando i visitatori lasciano commenti sul sito, raccogliamo i dati mostrati nel modulo dei commenti, oltre all&#8217;indirizzo IP del visitatore e la stringa dell&#8217;agente utente del browser per aiutare nella rilevazione dello spam. Una stringa anonimizzata creata dal tuo indirizzo email (chiamata anche hash) [&hellip;]\" \/>\n<meta property=\"og:url\" content=\"https:\/\/caetanoposters.com\/it\/privacy-policy\/\" \/>\n<meta property=\"og:site_name\" content=\"Caetano Posters\" \/>\n<meta property=\"article:publisher\" content=\"https:\/\/www.facebook.com\/people\/Caetano-Posters\/61555187193797\/\" \/>\n<meta property=\"article:modified_time\" content=\"2024-03-01T13:28:45+00:00\" \/>\n<meta property=\"og:image\" content=\"https:\/\/caetanoposters.com\/it\/wp-content\/uploads\/2024\/02\/06-1.jpg\" \/>\n\t<meta property=\"og:image:width\" content=\"1080\" \/>\n\t<meta property=\"og:image:height\" content=\"1300\" \/>\n\t<meta property=\"og:image:type\" content=\"image\/jpeg\" \/>\n<meta name=\"twitter:card\" content=\"summary_large_image\" \/>\n<meta name=\"twitter:label1\" content=\"Tempo di lettura stimato\" \/>\n\t<meta name=\"twitter:data1\" content=\"4 minuti\" \/>\n<script type=\"application\/ld+json\" class=\"yoast-schema-graph\">{\"@context\":\"https:\/\/schema.org\",\"@graph\":[{\"@type\":\"WebPage\",\"@id\":\"https:\/\/caetanoposters.com\/it\/privacy-policy\/\",\"url\":\"https:\/\/caetanoposters.com\/it\/privacy-policy\/\",\"name\":\"Privacy Policy - Caetano Posters\",\"isPartOf\":{\"@id\":\"https:\/\/caetanoposters.com\/it\/#website\"},\"datePublished\":\"2023-12-05T09:34:36+00:00\",\"dateModified\":\"2024-03-01T13:28:45+00:00\",\"breadcrumb\":{\"@id\":\"https:\/\/caetanoposters.com\/it\/privacy-policy\/#breadcrumb\"},\"inLanguage\":\"it-IT\",\"potentialAction\":[{\"@type\":\"ReadAction\",\"target\":[\"https:\/\/caetanoposters.com\/it\/privacy-policy\/\"]}]},{\"@type\":\"BreadcrumbList\",\"@id\":\"https:\/\/caetanoposters.com\/it\/privacy-policy\/#breadcrumb\",\"itemListElement\":[{\"@type\":\"ListItem\",\"position\":1,\"name\":\"In\u00edcio\",\"item\":\"https:\/\/caetanoposters.com\/it\/\"},{\"@type\":\"ListItem\",\"position\":2,\"name\":\"Privacy Policy\"}]},{\"@type\":\"WebSite\",\"@id\":\"https:\/\/caetanoposters.com\/it\/#website\",\"url\":\"https:\/\/caetanoposters.com\/it\/\",\"name\":\"Caetano Posters\",\"description\":\"Caetano Posters \u00e9 um projeto art\u00edstico criado pelo designer \u00edtalo-brasileiro Rodrigo Caetano.\",\"publisher\":{\"@id\":\"https:\/\/caetanoposters.com\/it\/#organization\"},\"alternateName\":\"Posters ecommerce\",\"potentialAction\":[{\"@type\":\"SearchAction\",\"target\":{\"@type\":\"EntryPoint\",\"urlTemplate\":\"https:\/\/caetanoposters.com\/it\/?s={search_term_string}\"},\"query-input\":{\"@type\":\"PropertyValueSpecification\",\"valueRequired\":true,\"valueName\":\"search_term_string\"}}],\"inLanguage\":\"it-IT\"},{\"@type\":\"Organization\",\"@id\":\"https:\/\/caetanoposters.com\/it\/#organization\",\"name\":\"Caetano Posters\",\"alternateName\":\"Caetano Posters\",\"url\":\"https:\/\/caetanoposters.com\/it\/\",\"logo\":{\"@type\":\"ImageObject\",\"inLanguage\":\"it-IT\",\"@id\":\"https:\/\/caetanoposters.com\/it\/#\/schema\/logo\/image\/\",\"url\":\"https:\/\/caetanoposters.com\/it\/wp-content\/uploads\/2023\/12\/CP_LOGO_Black.png\",\"contentUrl\":\"https:\/\/caetanoposters.com\/it\/wp-content\/uploads\/2023\/12\/CP_LOGO_Black.png\",\"width\":500,\"height\":157,\"caption\":\"Caetano Posters\"},\"image\":{\"@id\":\"https:\/\/caetanoposters.com\/it\/#\/schema\/logo\/image\/\"},\"sameAs\":[\"https:\/\/www.facebook.com\/people\/Caetano-Posters\/61555187193797\/\",\"https:\/\/www.instagram.com\/caetanoposters\/\"]}]}<\/script>\n<!-- \/ Yoast SEO plugin. -->","yoast_head_json":{"title":"Privacy Policy - Caetano Posters","robots":{"index":"index","follow":"follow","max-snippet":"max-snippet:-1","max-image-preview":"max-image-preview:large","max-video-preview":"max-video-preview:-1"},"canonical":"https:\/\/caetanoposters.com\/it\/privacy-policy\/","og_locale":"it_IT","og_type":"article","og_title":"Privacy Policy - Caetano Posters","og_description":"Chi siamo Il nostro indirizzo del sito web \u00e8: https:\/\/caetanoposters.com\/it. Commenti Quando i visitatori lasciano commenti sul sito, raccogliamo i dati mostrati nel modulo dei commenti, oltre all&#8217;indirizzo IP del visitatore e la stringa dell&#8217;agente utente del browser per aiutare nella rilevazione dello spam. Una stringa anonimizzata creata dal tuo indirizzo email (chiamata anche hash) [&hellip;]","og_url":"https:\/\/caetanoposters.com\/it\/privacy-policy\/","og_site_name":"Caetano Posters","article_publisher":"https:\/\/www.facebook.com\/people\/Caetano-Posters\/61555187193797\/","article_modified_time":"2024-03-01T13:28:45+00:00","og_image":[{"width":1080,"height":1300,"url":"https:\/\/caetanoposters.com\/it\/wp-content\/uploads\/2024\/02\/06-1.jpg","type":"image\/jpeg"}],"twitter_card":"summary_large_image","twitter_misc":{"Tempo di lettura stimato":"4 minuti"},"schema":{"@context":"https:\/\/schema.org","@graph":[{"@type":"WebPage","@id":"https:\/\/caetanoposters.com\/it\/privacy-policy\/","url":"https:\/\/caetanoposters.com\/it\/privacy-policy\/","name":"Privacy Policy - Caetano Posters","isPartOf":{"@id":"https:\/\/caetanoposters.com\/it\/#website"},"datePublished":"2023-12-05T09:34:36+00:00","dateModified":"2024-03-01T13:28:45+00:00","breadcrumb":{"@id":"https:\/\/caetanoposters.com\/it\/privacy-policy\/#breadcrumb"},"inLanguage":"it-IT","potentialAction":[{"@type":"ReadAction","target":["https:\/\/caetanoposters.com\/it\/privacy-policy\/"]}]},{"@type":"BreadcrumbList","@id":"https:\/\/caetanoposters.com\/it\/privacy-policy\/#breadcrumb","itemListElement":[{"@type":"ListItem","position":1,"name":"In\u00edcio","item":"https:\/\/caetanoposters.com\/it\/"},{"@type":"ListItem","position":2,"name":"Privacy Policy"}]},{"@type":"WebSite","@id":"https:\/\/caetanoposters.com\/it\/#website","url":"https:\/\/caetanoposters.com\/it\/","name":"Caetano Posters","description":"Caetano Posters \u00e9 um projeto art\u00edstico criado pelo designer \u00edtalo-brasileiro Rodrigo Caetano.","publisher":{"@id":"https:\/\/caetanoposters.com\/it\/#organization"},"alternateName":"Posters ecommerce","potentialAction":[{"@type":"SearchAction","target":{"@type":"EntryPoint","urlTemplate":"https:\/\/caetanoposters.com\/it\/?s={search_term_string}"},"query-input":{"@type":"PropertyValueSpecification","valueRequired":true,"valueName":"search_term_string"}}],"inLanguage":"it-IT"},{"@type":"Organization","@id":"https:\/\/caetanoposters.com\/it\/#organization","name":"Caetano Posters","alternateName":"Caetano Posters","url":"https:\/\/caetanoposters.com\/it\/","logo":{"@type":"ImageObject","inLanguage":"it-IT","@id":"https:\/\/caetanoposters.com\/it\/#\/schema\/logo\/image\/","url":"https:\/\/caetanoposters.com\/it\/wp-content\/uploads\/2023\/12\/CP_LOGO_Black.png","contentUrl":"https:\/\/caetanoposters.com\/it\/wp-content\/uploads\/2023\/12\/CP_LOGO_Black.png","width":500,"height":157,"caption":"Caetano Posters"},"image":{"@id":"https:\/\/caetanoposters.com\/it\/#\/schema\/logo\/image\/"},"sameAs":["https:\/\/www.facebook.com\/people\/Caetano-Posters\/61555187193797\/","https:\/\/www.instagram.com\/caetanoposters\/"]}]}},"jetpack_sharing_enabled":true,"_links":{"self":[{"href":"https:\/\/caetanoposters.com\/it\/wp-json\/wp\/v2\/pages\/3","targetHints":{"allow":["GET"]}}],"collection":[{"href":"https:\/\/caetanoposters.com\/it\/wp-json\/wp\/v2\/pages"}],"about":[{"href":"https:\/\/caetanoposters.com\/it\/wp-json\/wp\/v2\/types\/page"}],"author":[{"embeddable":true,"href":"https:\/\/caetanoposters.com\/it\/wp-json\/wp\/v2\/users\/1"}],"replies":[{"embeddable":true,"href":"https:\/\/caetanoposters.com\/it\/wp-json\/wp\/v2\/comments?post=3"}],"version-history":[{"count":2,"href":"https:\/\/caetanoposters.com\/it\/wp-json\/wp\/v2\/pages\/3\/revisions"}],"predecessor-version":[{"id":1040,"href":"https:\/\/caetanoposters.com\/it\/wp-json\/wp\/v2\/pages\/3\/revisions\/1040"}],"wp:attachment":[{"href":"https:\/\/caetanoposters.com\/it\/wp-json\/wp\/v2\/media?parent=3"}],"curies":[{"name":"wp","href":"https:\/\/api.w.org\/{rel}","templated":true}]}}