{"id":8,"date":"2023-12-05T09:57:55","date_gmt":"2023-12-05T09:57:55","guid":{"rendered":"http:\/\/caetano-posters.local\/carrello\/"},"modified":"2023-12-05T09:57:55","modified_gmt":"2023-12-05T09:57:55","slug":"carrello","status":"publish","type":"page","link":"https:\/\/caetanoposters.com\/it\/carrello\/","title":{"rendered":"Carrello"},"content":{"rendered":"\n<div data-block-name=\"woocommerce\/cart\" class=\"wp-block-woocommerce-cart alignwide is-loading\">\n<div data-block-name=\"woocommerce\/filled-cart-block\" class=\"wp-block-woocommerce-filled-cart-block\">\n<div data-block-name=\"woocommerce\/cart-items-block\" class=\"wp-block-woocommerce-cart-items-block\">\n<div data-block-name=\"woocommerce\/cart-line-items-block\" class=\"wp-block-woocommerce-cart-line-items-block\"><\/div>\n\n\n\n<div data-block-name=\"woocommerce\/cart-cross-sells-block\" class=\"wp-block-woocommerce-cart-cross-sells-block\">\n<h2 class=\"wp-block-heading has-large-font-size\">Potresti essere interessato anche a\u2026<\/h2>\n\n\n\n<div data-block-name=\"woocommerce\/cart-cross-sells-products-block\" class=\"wp-block-woocommerce-cart-cross-sells-products-block\"><\/div>\n<\/div>\n<\/div>\n\n\n\n<div data-block-name=\"woocommerce\/cart-totals-block\" class=\"wp-block-woocommerce-cart-totals-block\">\n<div data-block-name=\"woocommerce\/cart-order-summary-block\" class=\"wp-block-woocommerce-cart-order-summary-block\">\n<div data-block-name=\"woocommerce\/cart-order-summary-heading-block\" class=\"wp-block-woocommerce-cart-order-summary-heading-block\"><\/div><div data-block-name=\"woocommerce\/cart-order-summary-coupon-form-block\" class=\"wp-block-woocommerce-cart-order-summary-coupon-form-block\"><\/div><div data-block-name=\"woocommerce\/cart-order-summary-totals-block\" class=\"wp-block-woocommerce-cart-order-summary-totals-block\">\n<div data-block-name=\"woocommerce\/cart-order-summary-subtotal-block\" class=\"wp-block-woocommerce-cart-order-summary-subtotal-block\"><\/div>\n<div data-block-name=\"woocommerce\/cart-order-summary-discount-block\" class=\"wp-block-woocommerce-cart-order-summary-discount-block\"><\/div>\n<div data-block-name=\"woocommerce\/cart-order-summary-fee-block\" class=\"wp-block-woocommerce-cart-order-summary-fee-block\"><\/div>\n<div data-block-name=\"woocommerce\/cart-order-summary-shipping-block\" class=\"wp-block-woocommerce-cart-order-summary-shipping-block\"><\/div>\n<div data-block-name=\"woocommerce\/cart-order-summary-taxes-block\" class=\"wp-block-woocommerce-cart-order-summary-taxes-block\"><\/div><\/div>\n<\/div>\n\n\n\n<div data-block-name=\"woocommerce\/cart-express-payment-block\" class=\"wp-block-woocommerce-cart-express-payment-block\"><\/div>\n\n\n\n<div data-block-name=\"woocommerce\/proceed-to-checkout-block\" class=\"wp-block-woocommerce-proceed-to-checkout-block\"><\/div>\n<div id=\"ppcp-recaptcha-v2-container\" style=\"margin:20px 0;\"><\/div>\n\n\n<div data-block-name=\"woocommerce\/cart-accepted-payment-methods-block\" class=\"wp-block-woocommerce-cart-accepted-payment-methods-block\"><\/div>\n<\/div>\n<\/div>\n\n\n\n<div data-block-name=\"woocommerce\/empty-cart-block\" class=\"wp-block-woocommerce-empty-cart-block\">\n<h2 class=\"wp-block-heading has-text-align-center with-empty-cart-icon wc-block-cart__empty-cart__title\">Il carrello \u00e8 attualmente vuoto.<\/h2>\n\n\n\n<hr class=\"wp-block-separator has-alpha-channel-opacity is-style-dots\"\/>\n\n\n\n<h2 class=\"wp-block-heading has-text-align-center\">Novit\u00e0 in negozio<\/h2>\n\n\n<div data-block-name=\"woocommerce\/product-new\" data-columns=\"4\" data-rows=\"1\" class=\"wc-block-grid wp-block-product-new wp-block-woocommerce-product-new wc-block-product-new has-4-columns\"><ul class=\"wc-block-grid__products\"><li class=\"wc-block-grid__product\">\n\t\t\t\t<a href=\"https:\/\/caetanoposters.com\/it\/prodotto\/wisdom-is-screaming\/\" class=\"wc-block-grid__product-link\">\n\t\t\t\t\t\n\t\t\t\t\t<div class=\"wc-block-grid__product-image\"><img fetchpriority=\"high\" decoding=\"async\" width=\"300\" height=\"300\" src=\"https:\/\/caetanoposters.com\/it\/wp-content\/uploads\/2024\/05\/002_2024_1500x1500_1-300x300.jpg\" class=\"attachment-woocommerce_thumbnail size-woocommerce_thumbnail\" alt=\"WISDOM IS SCREAMING\" srcset=\"https:\/\/caetanoposters.com\/it\/wp-content\/uploads\/2024\/05\/002_2024_1500x1500_1-300x300.jpg 300w, https:\/\/caetanoposters.com\/it\/wp-content\/uploads\/2024\/05\/002_2024_1500x1500_1-1024x1024.jpg 1024w, https:\/\/caetanoposters.com\/it\/wp-content\/uploads\/2024\/05\/002_2024_1500x1500_1-150x150.jpg 150w, https:\/\/caetanoposters.com\/it\/wp-content\/uploads\/2024\/05\/002_2024_1500x1500_1-768x768.jpg 768w, https:\/\/caetanoposters.com\/it\/wp-content\/uploads\/2024\/05\/002_2024_1500x1500_1-1320x1320.jpg 1320w, https:\/\/caetanoposters.com\/it\/wp-content\/uploads\/2024\/05\/002_2024_1500x1500_1-600x600.jpg 600w, https:\/\/caetanoposters.com\/it\/wp-content\/uploads\/2024\/05\/002_2024_1500x1500_1-100x100.jpg 100w, https:\/\/caetanoposters.com\/it\/wp-content\/uploads\/2024\/05\/002_2024_1500x1500_1.jpg 1500w\" sizes=\"(max-width: 300px) 100vw, 300px\" \/><\/div>\n\t\t\t\t\t<div class=\"wc-block-grid__product-title\">WISDOM IS SCREAMING<\/div>\n\t\t\t\t<\/a>\n\t\t\t\t<div class=\"wc-block-grid__product-price price\"><span class=\"woocommerce-Price-amount amount\" aria-hidden=\"true\"><span class=\"woocommerce-Price-currencySymbol\">&euro;<\/span>20,00<\/span> <span aria-hidden=\"true\">&#8211;<\/span> <span class=\"woocommerce-Price-amount amount\" aria-hidden=\"true\"><span class=\"woocommerce-Price-currencySymbol\">&euro;<\/span>60,00<\/span><span class=\"screen-reader-text\">Fascia di prezzo: da &euro;20,00 a &euro;60,00<\/span><\/div>\n\t\t\t\t\n\t\t\t\t<div class=\"wp-block-button wc-block-grid__product-add-to-cart\"><a href=\"https:\/\/caetanoposters.com\/it\/prodotto\/wisdom-is-screaming\/\" aria-label=\"Seleziona le opzioni per &ldquo;WISDOM IS SCREAMING&rdquo;\" data-quantity=\"1\" data-product_id=\"1149\" data-product_sku=\"Bible series - 002\/24\" data-price=\"20\" rel=\"nofollow\" class=\"wp-block-button__link  add_to_cart_button\">Scegli<\/a><\/div>\n\t\t\t<\/li><li class=\"wc-block-grid__product\">\n\t\t\t\t<a href=\"https:\/\/caetanoposters.com\/it\/prodotto\/from-heaven-to-the-earth-in-3-parti\/\" class=\"wc-block-grid__product-link\">\n\t\t\t\t\t\n\t\t\t\t\t<div class=\"wc-block-grid__product-image\"><img decoding=\"async\" width=\"300\" height=\"300\" src=\"https:\/\/caetanoposters.com\/it\/wp-content\/uploads\/2024\/03\/A3_009_23-03_ambient-300x300.jpg\" class=\"attachment-woocommerce_thumbnail size-woocommerce_thumbnail\" alt=\"FROM HEAVEN TO THE EARTH (In 3 parti)\" srcset=\"https:\/\/caetanoposters.com\/it\/wp-content\/uploads\/2024\/03\/A3_009_23-03_ambient-300x300.jpg 300w, https:\/\/caetanoposters.com\/it\/wp-content\/uploads\/2024\/03\/A3_009_23-03_ambient-1024x1024.jpg 1024w, https:\/\/caetanoposters.com\/it\/wp-content\/uploads\/2024\/03\/A3_009_23-03_ambient-150x150.jpg 150w, https:\/\/caetanoposters.com\/it\/wp-content\/uploads\/2024\/03\/A3_009_23-03_ambient-768x768.jpg 768w, https:\/\/caetanoposters.com\/it\/wp-content\/uploads\/2024\/03\/A3_009_23-03_ambient-1320x1320.jpg 1320w, https:\/\/caetanoposters.com\/it\/wp-content\/uploads\/2024\/03\/A3_009_23-03_ambient-600x600.jpg 600w, https:\/\/caetanoposters.com\/it\/wp-content\/uploads\/2024\/03\/A3_009_23-03_ambient-100x100.jpg 100w, https:\/\/caetanoposters.com\/it\/wp-content\/uploads\/2024\/03\/A3_009_23-03_ambient.jpg 1500w\" sizes=\"(max-width: 300px) 100vw, 300px\" \/><\/div>\n\t\t\t\t\t<div class=\"wc-block-grid__product-title\">FROM HEAVEN TO THE EARTH (In 3 parti)<\/div>\n\t\t\t\t<\/a>\n\t\t\t\t<div class=\"wc-block-grid__product-price price\"><span class=\"woocommerce-Price-amount amount\" aria-hidden=\"true\"><span class=\"woocommerce-Price-currencySymbol\">&euro;<\/span>60,00<\/span> <span aria-hidden=\"true\">&#8211;<\/span> <span class=\"woocommerce-Price-amount amount\" aria-hidden=\"true\"><span class=\"woocommerce-Price-currencySymbol\">&euro;<\/span>110,00<\/span><span class=\"screen-reader-text\">Fascia di prezzo: da &euro;60,00 a &euro;110,00<\/span><\/div>\n\t\t\t\t\n\t\t\t\t<div class=\"wp-block-button wc-block-grid__product-add-to-cart\"><a href=\"https:\/\/caetanoposters.com\/it\/prodotto\/from-heaven-to-the-earth-in-3-parti\/\" aria-label=\"Seleziona le opzioni per &ldquo;FROM HEAVEN TO THE EARTH (In 3 parti)&rdquo;\" data-quantity=\"1\" data-product_id=\"1106\" data-product_sku=\"Bible series - 006\/23-1-1-1\" data-price=\"60\" rel=\"nofollow\" class=\"wp-block-button__link  add_to_cart_button\">Scegli<\/a><\/div>\n\t\t\t<\/li><li class=\"wc-block-grid__product\">\n\t\t\t\t<a href=\"https:\/\/caetanoposters.com\/it\/prodotto\/truly-you-are-the-son-of-god-in-3-parti\/\" class=\"wc-block-grid__product-link\">\n\t\t\t\t\t\n\t\t\t\t\t<div class=\"wc-block-grid__product-image\"><img decoding=\"async\" width=\"300\" height=\"300\" src=\"https:\/\/caetanoposters.com\/it\/wp-content\/uploads\/2024\/03\/001_2024_1500x1500-300x300.jpg\" class=\"attachment-woocommerce_thumbnail size-woocommerce_thumbnail\" alt=\"TRULY YOU ARE THE SON OF GOD (In 3 parti)\" srcset=\"https:\/\/caetanoposters.com\/it\/wp-content\/uploads\/2024\/03\/001_2024_1500x1500-300x300.jpg 300w, https:\/\/caetanoposters.com\/it\/wp-content\/uploads\/2024\/03\/001_2024_1500x1500-1024x1024.jpg 1024w, https:\/\/caetanoposters.com\/it\/wp-content\/uploads\/2024\/03\/001_2024_1500x1500-150x150.jpg 150w, https:\/\/caetanoposters.com\/it\/wp-content\/uploads\/2024\/03\/001_2024_1500x1500-768x768.jpg 768w, https:\/\/caetanoposters.com\/it\/wp-content\/uploads\/2024\/03\/001_2024_1500x1500-1320x1320.jpg 1320w, https:\/\/caetanoposters.com\/it\/wp-content\/uploads\/2024\/03\/001_2024_1500x1500-600x600.jpg 600w, https:\/\/caetanoposters.com\/it\/wp-content\/uploads\/2024\/03\/001_2024_1500x1500-100x100.jpg 100w, https:\/\/caetanoposters.com\/it\/wp-content\/uploads\/2024\/03\/001_2024_1500x1500.jpg 1500w\" sizes=\"(max-width: 300px) 100vw, 300px\" \/><\/div>\n\t\t\t\t\t<div class=\"wc-block-grid__product-title\">TRULY YOU ARE THE SON OF GOD (In 3 parti)<\/div>\n\t\t\t\t<\/a>\n\t\t\t\t<div class=\"wc-block-grid__product-price price\"><span class=\"woocommerce-Price-amount amount\" aria-hidden=\"true\"><span class=\"woocommerce-Price-currencySymbol\">&euro;<\/span>60,00<\/span> <span aria-hidden=\"true\">&#8211;<\/span> <span class=\"woocommerce-Price-amount amount\" aria-hidden=\"true\"><span class=\"woocommerce-Price-currencySymbol\">&euro;<\/span>110,00<\/span><span class=\"screen-reader-text\">Fascia di prezzo: da &euro;60,00 a &euro;110,00<\/span><\/div>\n\t\t\t\t\n\t\t\t\t<div class=\"wp-block-button wc-block-grid__product-add-to-cart\"><a href=\"https:\/\/caetanoposters.com\/it\/prodotto\/truly-you-are-the-son-of-god-in-3-parti\/\" aria-label=\"Seleziona le opzioni per &ldquo;TRULY YOU ARE THE SON OF GOD (In 3 parti)&rdquo;\" data-quantity=\"1\" data-product_id=\"1098\" data-product_sku=\"Bible series - 006\/23-1-1\" data-price=\"60\" rel=\"nofollow\" class=\"wp-block-button__link  add_to_cart_button\">Scegli<\/a><\/div>\n\t\t\t<\/li><li class=\"wc-block-grid__product\">\n\t\t\t\t<a href=\"https:\/\/caetanoposters.com\/it\/prodotto\/hearts-unto-god-in-3-parti\/\" class=\"wc-block-grid__product-link\">\n\t\t\t\t\t\n\t\t\t\t\t<div class=\"wc-block-grid__product-image\"><img loading=\"lazy\" decoding=\"async\" width=\"300\" height=\"300\" src=\"https:\/\/caetanoposters.com\/it\/wp-content\/uploads\/2024\/03\/2023_006_1500x1500-300x300.jpg\" class=\"attachment-woocommerce_thumbnail size-woocommerce_thumbnail\" alt=\"HEARTS UNTO GOD (In 3 parti)\" srcset=\"https:\/\/caetanoposters.com\/it\/wp-content\/uploads\/2024\/03\/2023_006_1500x1500-300x300.jpg 300w, https:\/\/caetanoposters.com\/it\/wp-content\/uploads\/2024\/03\/2023_006_1500x1500-1024x1024.jpg 1024w, https:\/\/caetanoposters.com\/it\/wp-content\/uploads\/2024\/03\/2023_006_1500x1500-150x150.jpg 150w, https:\/\/caetanoposters.com\/it\/wp-content\/uploads\/2024\/03\/2023_006_1500x1500-768x768.jpg 768w, https:\/\/caetanoposters.com\/it\/wp-content\/uploads\/2024\/03\/2023_006_1500x1500-1320x1320.jpg 1320w, https:\/\/caetanoposters.com\/it\/wp-content\/uploads\/2024\/03\/2023_006_1500x1500-600x600.jpg 600w, https:\/\/caetanoposters.com\/it\/wp-content\/uploads\/2024\/03\/2023_006_1500x1500-100x100.jpg 100w, https:\/\/caetanoposters.com\/it\/wp-content\/uploads\/2024\/03\/2023_006_1500x1500.jpg 1500w\" sizes=\"(max-width: 300px) 100vw, 300px\" \/><\/div>\n\t\t\t\t\t<div class=\"wc-block-grid__product-title\">HEARTS UNTO GOD (In 3 parti)<\/div>\n\t\t\t\t<\/a>\n\t\t\t\t<div class=\"wc-block-grid__product-price price\"><span class=\"woocommerce-Price-amount amount\" aria-hidden=\"true\"><span class=\"woocommerce-Price-currencySymbol\">&euro;<\/span>60,00<\/span> <span aria-hidden=\"true\">&#8211;<\/span> <span class=\"woocommerce-Price-amount amount\" aria-hidden=\"true\"><span class=\"woocommerce-Price-currencySymbol\">&euro;<\/span>110,00<\/span><span class=\"screen-reader-text\">Fascia di prezzo: da &euro;60,00 a &euro;110,00<\/span><\/div>\n\t\t\t\t\n\t\t\t\t<div class=\"wp-block-button wc-block-grid__product-add-to-cart\"><a href=\"https:\/\/caetanoposters.com\/it\/prodotto\/hearts-unto-god-in-3-parti\/\" aria-label=\"Seleziona le opzioni per &ldquo;HEARTS UNTO GOD (In 3 parti)&rdquo;\" data-quantity=\"1\" data-product_id=\"1092\" data-product_sku=\"Bible series - 006\/23-1\" data-price=\"60\" rel=\"nofollow\" class=\"wp-block-button__link  add_to_cart_button\">Scegli<\/a><\/div>\n\t\t\t<\/li><\/ul><\/div><\/div>\n<\/div>\n","protected":false},"excerpt":{"rendered":"","protected":false},"author":1,"featured_media":0,"parent":0,"menu_order":0,"comment_status":"closed","ping_status":"closed","template":"","meta":{"_joinchat":[],"footnotes":""},"class_list":["post-8","page","type-page","status-publish","hentry"],"yoast_head":"<!-- This site is optimized with the Yoast SEO plugin v26.7 - https:\/\/yoast.com\/wordpress\/plugins\/seo\/ -->\n<title>Carrello - Caetano Posters<\/title>\n<meta name=\"robots\" content=\"index, follow, max-snippet:-1, max-image-preview:large, max-video-preview:-1\" \/>\n<link rel=\"canonical\" href=\"https:\/\/caetanoposters.com\/it\/carrello\/\" \/>\n<meta property=\"og:locale\" content=\"it_IT\" \/>\n<meta property=\"og:type\" content=\"article\" \/>\n<meta property=\"og:title\" content=\"Carrello - Caetano Posters\" \/>\n<meta property=\"og:url\" content=\"https:\/\/caetanoposters.com\/it\/carrello\/\" \/>\n<meta property=\"og:site_name\" content=\"Caetano Posters\" \/>\n<meta property=\"article:publisher\" content=\"https:\/\/www.facebook.com\/people\/Caetano-Posters\/61555187193797\/\" \/>\n<meta property=\"og:image\" content=\"https:\/\/caetanoposters.com\/it\/wp-content\/uploads\/2024\/02\/06-1.jpg\" \/>\n\t<meta property=\"og:image:width\" content=\"1080\" \/>\n\t<meta property=\"og:image:height\" content=\"1300\" \/>\n\t<meta property=\"og:image:type\" content=\"image\/jpeg\" \/>\n<meta name=\"twitter:card\" content=\"summary_large_image\" \/>\n<script type=\"application\/ld+json\" class=\"yoast-schema-graph\">{\"@context\":\"https:\/\/schema.org\",\"@graph\":[{\"@type\":\"WebPage\",\"@id\":\"https:\/\/caetanoposters.com\/it\/carrello\/\",\"url\":\"https:\/\/caetanoposters.com\/it\/carrello\/\",\"name\":\"Carrello - Caetano Posters\",\"isPartOf\":{\"@id\":\"https:\/\/caetanoposters.com\/it\/#website\"},\"datePublished\":\"2023-12-05T09:57:55+00:00\",\"breadcrumb\":{\"@id\":\"https:\/\/caetanoposters.com\/it\/carrello\/#breadcrumb\"},\"inLanguage\":\"it-IT\",\"potentialAction\":[{\"@type\":\"ReadAction\",\"target\":[\"https:\/\/caetanoposters.com\/it\/carrello\/\"]}]},{\"@type\":\"BreadcrumbList\",\"@id\":\"https:\/\/caetanoposters.com\/it\/carrello\/#breadcrumb\",\"itemListElement\":[{\"@type\":\"ListItem\",\"position\":1,\"name\":\"In\u00edcio\",\"item\":\"https:\/\/caetanoposters.com\/it\/\"},{\"@type\":\"ListItem\",\"position\":2,\"name\":\"Carrello\"}]},{\"@type\":\"WebSite\",\"@id\":\"https:\/\/caetanoposters.com\/it\/#website\",\"url\":\"https:\/\/caetanoposters.com\/it\/\",\"name\":\"Caetano Posters\",\"description\":\"Caetano Posters \u00e9 um projeto art\u00edstico criado pelo designer \u00edtalo-brasileiro Rodrigo Caetano.\",\"publisher\":{\"@id\":\"https:\/\/caetanoposters.com\/it\/#organization\"},\"alternateName\":\"Posters ecommerce\",\"potentialAction\":[{\"@type\":\"SearchAction\",\"target\":{\"@type\":\"EntryPoint\",\"urlTemplate\":\"https:\/\/caetanoposters.com\/it\/?s={search_term_string}\"},\"query-input\":{\"@type\":\"PropertyValueSpecification\",\"valueRequired\":true,\"valueName\":\"search_term_string\"}}],\"inLanguage\":\"it-IT\"},{\"@type\":\"Organization\",\"@id\":\"https:\/\/caetanoposters.com\/it\/#organization\",\"name\":\"Caetano Posters\",\"alternateName\":\"Caetano Posters\",\"url\":\"https:\/\/caetanoposters.com\/it\/\",\"logo\":{\"@type\":\"ImageObject\",\"inLanguage\":\"it-IT\",\"@id\":\"https:\/\/caetanoposters.com\/it\/#\/schema\/logo\/image\/\",\"url\":\"https:\/\/caetanoposters.com\/it\/wp-content\/uploads\/2023\/12\/CP_LOGO_Black.png\",\"contentUrl\":\"https:\/\/caetanoposters.com\/it\/wp-content\/uploads\/2023\/12\/CP_LOGO_Black.png\",\"width\":500,\"height\":157,\"caption\":\"Caetano Posters\"},\"image\":{\"@id\":\"https:\/\/caetanoposters.com\/it\/#\/schema\/logo\/image\/\"},\"sameAs\":[\"https:\/\/www.facebook.com\/people\/Caetano-Posters\/61555187193797\/\",\"https:\/\/www.instagram.com\/caetanoposters\/\"]}]}<\/script>\n<!-- \/ Yoast SEO plugin. -->","yoast_head_json":{"title":"Carrello - Caetano Posters","robots":{"index":"index","follow":"follow","max-snippet":"max-snippet:-1","max-image-preview":"max-image-preview:large","max-video-preview":"max-video-preview:-1"},"canonical":"https:\/\/caetanoposters.com\/it\/carrello\/","og_locale":"it_IT","og_type":"article","og_title":"Carrello - Caetano Posters","og_url":"https:\/\/caetanoposters.com\/it\/carrello\/","og_site_name":"Caetano Posters","article_publisher":"https:\/\/www.facebook.com\/people\/Caetano-Posters\/61555187193797\/","og_image":[{"width":1080,"height":1300,"url":"https:\/\/caetanoposters.com\/it\/wp-content\/uploads\/2024\/02\/06-1.jpg","type":"image\/jpeg"}],"twitter_card":"summary_large_image","schema":{"@context":"https:\/\/schema.org","@graph":[{"@type":"WebPage","@id":"https:\/\/caetanoposters.com\/it\/carrello\/","url":"https:\/\/caetanoposters.com\/it\/carrello\/","name":"Carrello - Caetano Posters","isPartOf":{"@id":"https:\/\/caetanoposters.com\/it\/#website"},"datePublished":"2023-12-05T09:57:55+00:00","breadcrumb":{"@id":"https:\/\/caetanoposters.com\/it\/carrello\/#breadcrumb"},"inLanguage":"it-IT","potentialAction":[{"@type":"ReadAction","target":["https:\/\/caetanoposters.com\/it\/carrello\/"]}]},{"@type":"BreadcrumbList","@id":"https:\/\/caetanoposters.com\/it\/carrello\/#breadcrumb","itemListElement":[{"@type":"ListItem","position":1,"name":"In\u00edcio","item":"https:\/\/caetanoposters.com\/it\/"},{"@type":"ListItem","position":2,"name":"Carrello"}]},{"@type":"WebSite","@id":"https:\/\/caetanoposters.com\/it\/#website","url":"https:\/\/caetanoposters.com\/it\/","name":"Caetano Posters","description":"Caetano Posters \u00e9 um projeto art\u00edstico criado pelo designer \u00edtalo-brasileiro Rodrigo Caetano.","publisher":{"@id":"https:\/\/caetanoposters.com\/it\/#organization"},"alternateName":"Posters ecommerce","potentialAction":[{"@type":"SearchAction","target":{"@type":"EntryPoint","urlTemplate":"https:\/\/caetanoposters.com\/it\/?s={search_term_string}"},"query-input":{"@type":"PropertyValueSpecification","valueRequired":true,"valueName":"search_term_string"}}],"inLanguage":"it-IT"},{"@type":"Organization","@id":"https:\/\/caetanoposters.com\/it\/#organization","name":"Caetano Posters","alternateName":"Caetano Posters","url":"https:\/\/caetanoposters.com\/it\/","logo":{"@type":"ImageObject","inLanguage":"it-IT","@id":"https:\/\/caetanoposters.com\/it\/#\/schema\/logo\/image\/","url":"https:\/\/caetanoposters.com\/it\/wp-content\/uploads\/2023\/12\/CP_LOGO_Black.png","contentUrl":"https:\/\/caetanoposters.com\/it\/wp-content\/uploads\/2023\/12\/CP_LOGO_Black.png","width":500,"height":157,"caption":"Caetano Posters"},"image":{"@id":"https:\/\/caetanoposters.com\/it\/#\/schema\/logo\/image\/"},"sameAs":["https:\/\/www.facebook.com\/people\/Caetano-Posters\/61555187193797\/","https:\/\/www.instagram.com\/caetanoposters\/"]}]}},"jetpack_sharing_enabled":true,"_links":{"self":[{"href":"https:\/\/caetanoposters.com\/it\/wp-json\/wp\/v2\/pages\/8","targetHints":{"allow":["GET"]}}],"collection":[{"href":"https:\/\/caetanoposters.com\/it\/wp-json\/wp\/v2\/pages"}],"about":[{"href":"https:\/\/caetanoposters.com\/it\/wp-json\/wp\/v2\/types\/page"}],"author":[{"embeddable":true,"href":"https:\/\/caetanoposters.com\/it\/wp-json\/wp\/v2\/users\/1"}],"replies":[{"embeddable":true,"href":"https:\/\/caetanoposters.com\/it\/wp-json\/wp\/v2\/comments?post=8"}],"version-history":[{"count":0,"href":"https:\/\/caetanoposters.com\/it\/wp-json\/wp\/v2\/pages\/8\/revisions"}],"wp:attachment":[{"href":"https:\/\/caetanoposters.com\/it\/wp-json\/wp\/v2\/media?parent=8"}],"curies":[{"name":"wp","href":"https:\/\/api.w.org\/{rel}","templated":true}]}}