{"id":1092,"date":"2024-03-27T11:49:28","date_gmt":"2024-03-27T11:49:28","guid":{"rendered":"https:\/\/caetanoposters.com\/it\/?post_type=product&#038;p=1092"},"modified":"2024-03-27T11:55:15","modified_gmt":"2024-03-27T11:55:15","slug":"hearts-unto-god-in-3-parti","status":"publish","type":"product","link":"https:\/\/caetanoposters.com\/it\/prodotto\/hearts-unto-god-in-3-parti\/","title":{"rendered":"HEARTS UNTO GOD (In 3 parti)"},"content":{"rendered":"","protected":false},"excerpt":{"rendered":"<p>Ispirato a Colossesi 3:16, questo quadro posiziona il cuore al centro, simboleggiando la ricca dimora della parola di Cristo. L\u2019abbondanza di parole, canti e l\u2019influenza della grazia sono rappresentati visivamente, creando un\u2019opera ricca di sentimenti e vita.<\/p>\n","protected":false},"featured_media":1097,"comment_status":"open","ping_status":"closed","template":"","meta":{"_joinchat":[]},"product_brand":[],"product_cat":[16,24],"product_tag":[],"class_list":{"0":"post-1092","1":"product","2":"type-product","3":"status-publish","4":"has-post-thumbnail","6":"product_cat-bible-series","7":"product_cat-monocromatici","9":"first","10":"onbackorder","11":"purchasable","12":"product-type-variable","13":"has-default-attributes"},"yoast_head":"<!-- This site is optimized with the Yoast SEO plugin v26.7 - https:\/\/yoast.com\/wordpress\/plugins\/seo\/ -->\n<title>HEARTS UNTO GOD (In 3 parti) - Caetano Posters<\/title>\n<meta name=\"description\" content=\"Ispirato a Colossesi 3:16, questo quadro posiziona il cuore al centro, simboleggiando la ricca dimora della parola di Cristo. L\u2019abbondanza di parole, canti e l\u2019influenza della grazia sono rappresentati visivamente, creando un\u2019opera ricca di sentimenti e vita.\" \/>\n<meta name=\"robots\" content=\"index, follow, max-snippet:-1, max-image-preview:large, max-video-preview:-1\" \/>\n<link rel=\"canonical\" href=\"https:\/\/caetanoposters.com\/it\/prodotto\/hearts-unto-god-in-3-parti\/\" \/>\n<meta property=\"og:locale\" content=\"it_IT\" \/>\n<meta property=\"og:type\" content=\"article\" \/>\n<meta property=\"og:title\" content=\"HEARTS UNTO GOD (In 3 parti) - Caetano Posters\" \/>\n<meta property=\"og:description\" content=\"Ispirato a Colossesi 3:16, questo quadro posiziona il cuore al centro, simboleggiando la ricca dimora della parola di Cristo. L\u2019abbondanza di parole, canti e l\u2019influenza della grazia sono rappresentati visivamente, creando un\u2019opera ricca di sentimenti e vita.\" \/>\n<meta property=\"og:url\" content=\"https:\/\/caetanoposters.com\/it\/prodotto\/hearts-unto-god-in-3-parti\/\" \/>\n<meta property=\"og:site_name\" content=\"Caetano Posters\" \/>\n<meta property=\"article:publisher\" content=\"https:\/\/www.facebook.com\/people\/Caetano-Posters\/61555187193797\/\" \/>\n<meta property=\"article:modified_time\" content=\"2024-03-27T11:55:15+00:00\" \/>\n<meta property=\"og:image\" content=\"https:\/\/caetanoposters.com\/it\/wp-content\/uploads\/2024\/03\/2023_006_1500x1500.jpg\" \/>\n\t<meta property=\"og:image:width\" content=\"1500\" \/>\n\t<meta property=\"og:image:height\" content=\"1500\" \/>\n\t<meta property=\"og:image:type\" content=\"image\/jpeg\" \/>\n<meta name=\"twitter:card\" content=\"summary_large_image\" \/>\n<meta name=\"twitter:label1\" content=\"Tempo di lettura stimato\" \/>\n\t<meta name=\"twitter:data1\" content=\"1 minuto\" \/>\n<script type=\"application\/ld+json\" class=\"yoast-schema-graph\">{\"@context\":\"https:\/\/schema.org\",\"@graph\":[{\"@type\":\"WebPage\",\"@id\":\"https:\/\/caetanoposters.com\/it\/prodotto\/hearts-unto-god-in-3-parti\/\",\"url\":\"https:\/\/caetanoposters.com\/it\/prodotto\/hearts-unto-god-in-3-parti\/\",\"name\":\"HEARTS UNTO GOD (In 3 parti) - Caetano Posters\",\"isPartOf\":{\"@id\":\"https:\/\/caetanoposters.com\/it\/#website\"},\"primaryImageOfPage\":{\"@id\":\"https:\/\/caetanoposters.com\/it\/prodotto\/hearts-unto-god-in-3-parti\/#primaryimage\"},\"image\":{\"@id\":\"https:\/\/caetanoposters.com\/it\/prodotto\/hearts-unto-god-in-3-parti\/#primaryimage\"},\"thumbnailUrl\":\"https:\/\/caetanoposters.com\/it\/wp-content\/uploads\/2024\/03\/2023_006_1500x1500.jpg\",\"datePublished\":\"2024-03-27T11:49:28+00:00\",\"dateModified\":\"2024-03-27T11:55:15+00:00\",\"description\":\"Ispirato a Colossesi 3:16, questo quadro posiziona il cuore al centro, simboleggiando la ricca dimora della parola di Cristo. L\u2019abbondanza di parole, canti e l\u2019influenza della grazia sono rappresentati visivamente, creando un\u2019opera ricca di sentimenti e vita.\",\"breadcrumb\":{\"@id\":\"https:\/\/caetanoposters.com\/it\/prodotto\/hearts-unto-god-in-3-parti\/#breadcrumb\"},\"inLanguage\":\"it-IT\",\"potentialAction\":[{\"@type\":\"ReadAction\",\"target\":[\"https:\/\/caetanoposters.com\/it\/prodotto\/hearts-unto-god-in-3-parti\/\"]}]},{\"@type\":\"ImageObject\",\"inLanguage\":\"it-IT\",\"@id\":\"https:\/\/caetanoposters.com\/it\/prodotto\/hearts-unto-god-in-3-parti\/#primaryimage\",\"url\":\"https:\/\/caetanoposters.com\/it\/wp-content\/uploads\/2024\/03\/2023_006_1500x1500.jpg\",\"contentUrl\":\"https:\/\/caetanoposters.com\/it\/wp-content\/uploads\/2024\/03\/2023_006_1500x1500.jpg\",\"width\":1500,\"height\":1500},{\"@type\":\"BreadcrumbList\",\"@id\":\"https:\/\/caetanoposters.com\/it\/prodotto\/hearts-unto-god-in-3-parti\/#breadcrumb\",\"itemListElement\":[{\"@type\":\"ListItem\",\"position\":1,\"name\":\"In\u00edcio\",\"item\":\"https:\/\/caetanoposters.com\/it\/\"},{\"@type\":\"ListItem\",\"position\":2,\"name\":\"Shop\",\"item\":\"https:\/\/caetanoposters.com\/it\/negozio\/\"},{\"@type\":\"ListItem\",\"position\":3,\"name\":\"HEARTS UNTO GOD (In 3 parti)\"}]},{\"@type\":\"WebSite\",\"@id\":\"https:\/\/caetanoposters.com\/it\/#website\",\"url\":\"https:\/\/caetanoposters.com\/it\/\",\"name\":\"Caetano Posters\",\"description\":\"Caetano Posters \u00e9 um projeto art\u00edstico criado pelo designer \u00edtalo-brasileiro Rodrigo Caetano.\",\"publisher\":{\"@id\":\"https:\/\/caetanoposters.com\/it\/#organization\"},\"alternateName\":\"Posters ecommerce\",\"potentialAction\":[{\"@type\":\"SearchAction\",\"target\":{\"@type\":\"EntryPoint\",\"urlTemplate\":\"https:\/\/caetanoposters.com\/it\/?s={search_term_string}\"},\"query-input\":{\"@type\":\"PropertyValueSpecification\",\"valueRequired\":true,\"valueName\":\"search_term_string\"}}],\"inLanguage\":\"it-IT\"},{\"@type\":\"Organization\",\"@id\":\"https:\/\/caetanoposters.com\/it\/#organization\",\"name\":\"Caetano Posters\",\"alternateName\":\"Caetano Posters\",\"url\":\"https:\/\/caetanoposters.com\/it\/\",\"logo\":{\"@type\":\"ImageObject\",\"inLanguage\":\"it-IT\",\"@id\":\"https:\/\/caetanoposters.com\/it\/#\/schema\/logo\/image\/\",\"url\":\"https:\/\/caetanoposters.com\/it\/wp-content\/uploads\/2023\/12\/CP_LOGO_Black.png\",\"contentUrl\":\"https:\/\/caetanoposters.com\/it\/wp-content\/uploads\/2023\/12\/CP_LOGO_Black.png\",\"width\":500,\"height\":157,\"caption\":\"Caetano Posters\"},\"image\":{\"@id\":\"https:\/\/caetanoposters.com\/it\/#\/schema\/logo\/image\/\"},\"sameAs\":[\"https:\/\/www.facebook.com\/people\/Caetano-Posters\/61555187193797\/\",\"https:\/\/www.instagram.com\/caetanoposters\/\"]}]}<\/script>\n<!-- \/ Yoast SEO plugin. -->","yoast_head_json":{"title":"HEARTS UNTO GOD (In 3 parti) - Caetano Posters","description":"Ispirato a Colossesi 3:16, questo quadro posiziona il cuore al centro, simboleggiando la ricca dimora della parola di Cristo. L\u2019abbondanza di parole, canti e l\u2019influenza della grazia sono rappresentati visivamente, creando un\u2019opera ricca di sentimenti e vita.","robots":{"index":"index","follow":"follow","max-snippet":"max-snippet:-1","max-image-preview":"max-image-preview:large","max-video-preview":"max-video-preview:-1"},"canonical":"https:\/\/caetanoposters.com\/it\/prodotto\/hearts-unto-god-in-3-parti\/","og_locale":"it_IT","og_type":"article","og_title":"HEARTS UNTO GOD (In 3 parti) - Caetano Posters","og_description":"Ispirato a Colossesi 3:16, questo quadro posiziona il cuore al centro, simboleggiando la ricca dimora della parola di Cristo. L\u2019abbondanza di parole, canti e l\u2019influenza della grazia sono rappresentati visivamente, creando un\u2019opera ricca di sentimenti e vita.","og_url":"https:\/\/caetanoposters.com\/it\/prodotto\/hearts-unto-god-in-3-parti\/","og_site_name":"Caetano Posters","article_publisher":"https:\/\/www.facebook.com\/people\/Caetano-Posters\/61555187193797\/","article_modified_time":"2024-03-27T11:55:15+00:00","og_image":[{"width":1500,"height":1500,"url":"https:\/\/caetanoposters.com\/it\/wp-content\/uploads\/2024\/03\/2023_006_1500x1500.jpg","type":"image\/jpeg"}],"twitter_card":"summary_large_image","twitter_misc":{"Tempo di lettura stimato":"1 minuto"},"schema":{"@context":"https:\/\/schema.org","@graph":[{"@type":"WebPage","@id":"https:\/\/caetanoposters.com\/it\/prodotto\/hearts-unto-god-in-3-parti\/","url":"https:\/\/caetanoposters.com\/it\/prodotto\/hearts-unto-god-in-3-parti\/","name":"HEARTS UNTO GOD (In 3 parti) - Caetano Posters","isPartOf":{"@id":"https:\/\/caetanoposters.com\/it\/#website"},"primaryImageOfPage":{"@id":"https:\/\/caetanoposters.com\/it\/prodotto\/hearts-unto-god-in-3-parti\/#primaryimage"},"image":{"@id":"https:\/\/caetanoposters.com\/it\/prodotto\/hearts-unto-god-in-3-parti\/#primaryimage"},"thumbnailUrl":"https:\/\/caetanoposters.com\/it\/wp-content\/uploads\/2024\/03\/2023_006_1500x1500.jpg","datePublished":"2024-03-27T11:49:28+00:00","dateModified":"2024-03-27T11:55:15+00:00","description":"Ispirato a Colossesi 3:16, questo quadro posiziona il cuore al centro, simboleggiando la ricca dimora della parola di Cristo. L\u2019abbondanza di parole, canti e l\u2019influenza della grazia sono rappresentati visivamente, creando un\u2019opera ricca di sentimenti e vita.","breadcrumb":{"@id":"https:\/\/caetanoposters.com\/it\/prodotto\/hearts-unto-god-in-3-parti\/#breadcrumb"},"inLanguage":"it-IT","potentialAction":[{"@type":"ReadAction","target":["https:\/\/caetanoposters.com\/it\/prodotto\/hearts-unto-god-in-3-parti\/"]}]},{"@type":"ImageObject","inLanguage":"it-IT","@id":"https:\/\/caetanoposters.com\/it\/prodotto\/hearts-unto-god-in-3-parti\/#primaryimage","url":"https:\/\/caetanoposters.com\/it\/wp-content\/uploads\/2024\/03\/2023_006_1500x1500.jpg","contentUrl":"https:\/\/caetanoposters.com\/it\/wp-content\/uploads\/2024\/03\/2023_006_1500x1500.jpg","width":1500,"height":1500},{"@type":"BreadcrumbList","@id":"https:\/\/caetanoposters.com\/it\/prodotto\/hearts-unto-god-in-3-parti\/#breadcrumb","itemListElement":[{"@type":"ListItem","position":1,"name":"In\u00edcio","item":"https:\/\/caetanoposters.com\/it\/"},{"@type":"ListItem","position":2,"name":"Shop","item":"https:\/\/caetanoposters.com\/it\/negozio\/"},{"@type":"ListItem","position":3,"name":"HEARTS UNTO GOD (In 3 parti)"}]},{"@type":"WebSite","@id":"https:\/\/caetanoposters.com\/it\/#website","url":"https:\/\/caetanoposters.com\/it\/","name":"Caetano Posters","description":"Caetano Posters \u00e9 um projeto art\u00edstico criado pelo designer \u00edtalo-brasileiro Rodrigo Caetano.","publisher":{"@id":"https:\/\/caetanoposters.com\/it\/#organization"},"alternateName":"Posters ecommerce","potentialAction":[{"@type":"SearchAction","target":{"@type":"EntryPoint","urlTemplate":"https:\/\/caetanoposters.com\/it\/?s={search_term_string}"},"query-input":{"@type":"PropertyValueSpecification","valueRequired":true,"valueName":"search_term_string"}}],"inLanguage":"it-IT"},{"@type":"Organization","@id":"https:\/\/caetanoposters.com\/it\/#organization","name":"Caetano Posters","alternateName":"Caetano Posters","url":"https:\/\/caetanoposters.com\/it\/","logo":{"@type":"ImageObject","inLanguage":"it-IT","@id":"https:\/\/caetanoposters.com\/it\/#\/schema\/logo\/image\/","url":"https:\/\/caetanoposters.com\/it\/wp-content\/uploads\/2023\/12\/CP_LOGO_Black.png","contentUrl":"https:\/\/caetanoposters.com\/it\/wp-content\/uploads\/2023\/12\/CP_LOGO_Black.png","width":500,"height":157,"caption":"Caetano Posters"},"image":{"@id":"https:\/\/caetanoposters.com\/it\/#\/schema\/logo\/image\/"},"sameAs":["https:\/\/www.facebook.com\/people\/Caetano-Posters\/61555187193797\/","https:\/\/www.instagram.com\/caetanoposters\/"]}]}},"jetpack_sharing_enabled":true,"_links":{"self":[{"href":"https:\/\/caetanoposters.com\/it\/wp-json\/wp\/v2\/product\/1092","targetHints":{"allow":["GET"]}}],"collection":[{"href":"https:\/\/caetanoposters.com\/it\/wp-json\/wp\/v2\/product"}],"about":[{"href":"https:\/\/caetanoposters.com\/it\/wp-json\/wp\/v2\/types\/product"}],"replies":[{"embeddable":true,"href":"https:\/\/caetanoposters.com\/it\/wp-json\/wp\/v2\/comments?post=1092"}],"wp:featuredmedia":[{"embeddable":true,"href":"https:\/\/caetanoposters.com\/it\/wp-json\/wp\/v2\/media\/1097"}],"wp:attachment":[{"href":"https:\/\/caetanoposters.com\/it\/wp-json\/wp\/v2\/media?parent=1092"}],"wp:term":[{"taxonomy":"product_brand","embeddable":true,"href":"https:\/\/caetanoposters.com\/it\/wp-json\/wp\/v2\/product_brand?post=1092"},{"taxonomy":"product_cat","embeddable":true,"href":"https:\/\/caetanoposters.com\/it\/wp-json\/wp\/v2\/product_cat?post=1092"},{"taxonomy":"product_tag","embeddable":true,"href":"https:\/\/caetanoposters.com\/it\/wp-json\/wp\/v2\/product_tag?post=1092"}],"curies":[{"name":"wp","href":"https:\/\/api.w.org\/{rel}","templated":true}]}}