{"id":471,"date":"2024-02-07T13:33:55","date_gmt":"2024-02-07T13:33:55","guid":{"rendered":"https:\/\/caetanoposters.com\/?post_type=product&#038;p=471"},"modified":"2024-04-24T15:14:11","modified_gmt":"2024-04-24T15:14:11","slug":"rejoicing-comes-in-the-morning","status":"publish","type":"product","link":"https:\/\/caetanoposters.com\/it\/prodotto\/rejoicing-comes-in-the-morning\/","title":{"rendered":"REJOICING COMES IN THE MORNING"},"content":{"rendered":"","protected":false},"excerpt":{"rendered":"<p>Questo poster \u00e8 ispirato al Salmo 30:5b, il quale ci afferma che, sebbene il pianto possa sopraggiungere di notte, la gioia arriva al mattino. L&#8217;immagine ritrae l&#8217;alba in mezzo all&#8217;oscurit\u00e0, dove tutto ci\u00f2 che si trova dietro questa luce comincia a schiarirsi. Man mano che il sole sorge, il pianto cessa e la gioia ci raggiunge, simboleggiando la speranza rinnovata e il superamento delle difficolt\u00e0 con l&#8217;arrivo di un nuovo giorno.<\/p>\n","protected":false},"featured_media":24,"comment_status":"open","ping_status":"closed","template":"","meta":{"_joinchat":[]},"product_brand":[],"product_cat":[16,23],"product_tag":[],"class_list":{"0":"post-471","1":"product","2":"type-product","3":"status-publish","4":"has-post-thumbnail","6":"product_cat-bible-series","7":"product_cat-colorati","9":"first","10":"onbackorder","11":"purchasable","12":"product-type-variable","13":"has-default-attributes"},"yoast_head":"<!-- This site is optimized with the Yoast SEO plugin v26.7 - https:\/\/yoast.com\/wordpress\/plugins\/seo\/ -->\n<title>REJOICING COMES IN THE MORNING - Caetano Posters<\/title>\n<meta name=\"robots\" content=\"index, follow, max-snippet:-1, max-image-preview:large, max-video-preview:-1\" \/>\n<link rel=\"canonical\" href=\"https:\/\/caetanoposters.com\/it\/prodotto\/rejoicing-comes-in-the-morning\/\" \/>\n<meta property=\"og:locale\" content=\"it_IT\" \/>\n<meta property=\"og:type\" content=\"article\" \/>\n<meta property=\"og:title\" content=\"REJOICING COMES IN THE MORNING - Caetano Posters\" \/>\n<meta property=\"og:description\" content=\"Questo poster \u00e8 ispirato al Salmo 30:5b, il quale ci afferma che, sebbene il pianto possa sopraggiungere di notte, la gioia arriva al mattino. L&#039;immagine ritrae l&#039;alba in mezzo all&#039;oscurit\u00e0, dove tutto ci\u00f2 che si trova dietro questa luce comincia a schiarirsi. Man mano che il sole sorge, il pianto cessa e la gioia ci raggiunge, simboleggiando la speranza rinnovata e il superamento delle difficolt\u00e0 con l&#039;arrivo di un nuovo giorno.\" \/>\n<meta property=\"og:url\" content=\"https:\/\/caetanoposters.com\/it\/prodotto\/rejoicing-comes-in-the-morning\/\" \/>\n<meta property=\"og:site_name\" content=\"Caetano Posters\" \/>\n<meta property=\"article:publisher\" content=\"https:\/\/www.facebook.com\/people\/Caetano-Posters\/61555187193797\/\" \/>\n<meta property=\"article:modified_time\" content=\"2024-04-24T15:14:11+00:00\" \/>\n<meta property=\"og:image\" content=\"https:\/\/caetanoposters.com\/it\/wp-content\/uploads\/2023\/12\/002_2023_1500x1500.jpg\" \/>\n\t<meta property=\"og:image:width\" content=\"1500\" \/>\n\t<meta property=\"og:image:height\" content=\"1500\" \/>\n\t<meta property=\"og:image:type\" content=\"image\/jpeg\" \/>\n<meta name=\"twitter:card\" content=\"summary_large_image\" \/>\n<meta name=\"twitter:label1\" content=\"Tempo di lettura stimato\" \/>\n\t<meta name=\"twitter:data1\" content=\"1 minuto\" \/>\n<script type=\"application\/ld+json\" class=\"yoast-schema-graph\">{\"@context\":\"https:\/\/schema.org\",\"@graph\":[{\"@type\":\"WebPage\",\"@id\":\"https:\/\/caetanoposters.com\/it\/prodotto\/rejoicing-comes-in-the-morning\/\",\"url\":\"https:\/\/caetanoposters.com\/it\/prodotto\/rejoicing-comes-in-the-morning\/\",\"name\":\"REJOICING COMES IN THE MORNING - Caetano Posters\",\"isPartOf\":{\"@id\":\"https:\/\/caetanoposters.com\/it\/#website\"},\"primaryImageOfPage\":{\"@id\":\"https:\/\/caetanoposters.com\/it\/prodotto\/rejoicing-comes-in-the-morning\/#primaryimage\"},\"image\":{\"@id\":\"https:\/\/caetanoposters.com\/it\/prodotto\/rejoicing-comes-in-the-morning\/#primaryimage\"},\"thumbnailUrl\":\"https:\/\/caetanoposters.com\/it\/wp-content\/uploads\/2023\/12\/002_2023_1500x1500.jpg\",\"datePublished\":\"2024-02-07T13:33:55+00:00\",\"dateModified\":\"2024-04-24T15:14:11+00:00\",\"breadcrumb\":{\"@id\":\"https:\/\/caetanoposters.com\/it\/prodotto\/rejoicing-comes-in-the-morning\/#breadcrumb\"},\"inLanguage\":\"it-IT\",\"potentialAction\":[{\"@type\":\"ReadAction\",\"target\":[\"https:\/\/caetanoposters.com\/it\/prodotto\/rejoicing-comes-in-the-morning\/\"]}]},{\"@type\":\"ImageObject\",\"inLanguage\":\"it-IT\",\"@id\":\"https:\/\/caetanoposters.com\/it\/prodotto\/rejoicing-comes-in-the-morning\/#primaryimage\",\"url\":\"https:\/\/caetanoposters.com\/it\/wp-content\/uploads\/2023\/12\/002_2023_1500x1500.jpg\",\"contentUrl\":\"https:\/\/caetanoposters.com\/it\/wp-content\/uploads\/2023\/12\/002_2023_1500x1500.jpg\",\"width\":1500,\"height\":1500},{\"@type\":\"BreadcrumbList\",\"@id\":\"https:\/\/caetanoposters.com\/it\/prodotto\/rejoicing-comes-in-the-morning\/#breadcrumb\",\"itemListElement\":[{\"@type\":\"ListItem\",\"position\":1,\"name\":\"In\u00edcio\",\"item\":\"https:\/\/caetanoposters.com\/it\/\"},{\"@type\":\"ListItem\",\"position\":2,\"name\":\"Shop\",\"item\":\"https:\/\/caetanoposters.com\/it\/negozio\/\"},{\"@type\":\"ListItem\",\"position\":3,\"name\":\"REJOICING COMES IN THE MORNING\"}]},{\"@type\":\"WebSite\",\"@id\":\"https:\/\/caetanoposters.com\/it\/#website\",\"url\":\"https:\/\/caetanoposters.com\/it\/\",\"name\":\"Caetano Posters\",\"description\":\"Caetano Posters \u00e9 um projeto art\u00edstico criado pelo designer \u00edtalo-brasileiro Rodrigo Caetano.\",\"publisher\":{\"@id\":\"https:\/\/caetanoposters.com\/it\/#organization\"},\"alternateName\":\"Posters ecommerce\",\"potentialAction\":[{\"@type\":\"SearchAction\",\"target\":{\"@type\":\"EntryPoint\",\"urlTemplate\":\"https:\/\/caetanoposters.com\/it\/?s={search_term_string}\"},\"query-input\":{\"@type\":\"PropertyValueSpecification\",\"valueRequired\":true,\"valueName\":\"search_term_string\"}}],\"inLanguage\":\"it-IT\"},{\"@type\":\"Organization\",\"@id\":\"https:\/\/caetanoposters.com\/it\/#organization\",\"name\":\"Caetano Posters\",\"alternateName\":\"Caetano Posters\",\"url\":\"https:\/\/caetanoposters.com\/it\/\",\"logo\":{\"@type\":\"ImageObject\",\"inLanguage\":\"it-IT\",\"@id\":\"https:\/\/caetanoposters.com\/it\/#\/schema\/logo\/image\/\",\"url\":\"https:\/\/caetanoposters.com\/it\/wp-content\/uploads\/2023\/12\/CP_LOGO_Black.png\",\"contentUrl\":\"https:\/\/caetanoposters.com\/it\/wp-content\/uploads\/2023\/12\/CP_LOGO_Black.png\",\"width\":500,\"height\":157,\"caption\":\"Caetano Posters\"},\"image\":{\"@id\":\"https:\/\/caetanoposters.com\/it\/#\/schema\/logo\/image\/\"},\"sameAs\":[\"https:\/\/www.facebook.com\/people\/Caetano-Posters\/61555187193797\/\",\"https:\/\/www.instagram.com\/caetanoposters\/\"]}]}<\/script>\n<!-- \/ Yoast SEO plugin. -->","yoast_head_json":{"title":"REJOICING COMES IN THE MORNING - Caetano Posters","robots":{"index":"index","follow":"follow","max-snippet":"max-snippet:-1","max-image-preview":"max-image-preview:large","max-video-preview":"max-video-preview:-1"},"canonical":"https:\/\/caetanoposters.com\/it\/prodotto\/rejoicing-comes-in-the-morning\/","og_locale":"it_IT","og_type":"article","og_title":"REJOICING COMES IN THE MORNING - Caetano Posters","og_description":"Questo poster \u00e8 ispirato al Salmo 30:5b, il quale ci afferma che, sebbene il pianto possa sopraggiungere di notte, la gioia arriva al mattino. L'immagine ritrae l'alba in mezzo all'oscurit\u00e0, dove tutto ci\u00f2 che si trova dietro questa luce comincia a schiarirsi. Man mano che il sole sorge, il pianto cessa e la gioia ci raggiunge, simboleggiando la speranza rinnovata e il superamento delle difficolt\u00e0 con l'arrivo di un nuovo giorno.","og_url":"https:\/\/caetanoposters.com\/it\/prodotto\/rejoicing-comes-in-the-morning\/","og_site_name":"Caetano Posters","article_publisher":"https:\/\/www.facebook.com\/people\/Caetano-Posters\/61555187193797\/","article_modified_time":"2024-04-24T15:14:11+00:00","og_image":[{"width":1500,"height":1500,"url":"https:\/\/caetanoposters.com\/it\/wp-content\/uploads\/2023\/12\/002_2023_1500x1500.jpg","type":"image\/jpeg"}],"twitter_card":"summary_large_image","twitter_misc":{"Tempo di lettura stimato":"1 minuto"},"schema":{"@context":"https:\/\/schema.org","@graph":[{"@type":"WebPage","@id":"https:\/\/caetanoposters.com\/it\/prodotto\/rejoicing-comes-in-the-morning\/","url":"https:\/\/caetanoposters.com\/it\/prodotto\/rejoicing-comes-in-the-morning\/","name":"REJOICING COMES IN THE MORNING - Caetano Posters","isPartOf":{"@id":"https:\/\/caetanoposters.com\/it\/#website"},"primaryImageOfPage":{"@id":"https:\/\/caetanoposters.com\/it\/prodotto\/rejoicing-comes-in-the-morning\/#primaryimage"},"image":{"@id":"https:\/\/caetanoposters.com\/it\/prodotto\/rejoicing-comes-in-the-morning\/#primaryimage"},"thumbnailUrl":"https:\/\/caetanoposters.com\/it\/wp-content\/uploads\/2023\/12\/002_2023_1500x1500.jpg","datePublished":"2024-02-07T13:33:55+00:00","dateModified":"2024-04-24T15:14:11+00:00","breadcrumb":{"@id":"https:\/\/caetanoposters.com\/it\/prodotto\/rejoicing-comes-in-the-morning\/#breadcrumb"},"inLanguage":"it-IT","potentialAction":[{"@type":"ReadAction","target":["https:\/\/caetanoposters.com\/it\/prodotto\/rejoicing-comes-in-the-morning\/"]}]},{"@type":"ImageObject","inLanguage":"it-IT","@id":"https:\/\/caetanoposters.com\/it\/prodotto\/rejoicing-comes-in-the-morning\/#primaryimage","url":"https:\/\/caetanoposters.com\/it\/wp-content\/uploads\/2023\/12\/002_2023_1500x1500.jpg","contentUrl":"https:\/\/caetanoposters.com\/it\/wp-content\/uploads\/2023\/12\/002_2023_1500x1500.jpg","width":1500,"height":1500},{"@type":"BreadcrumbList","@id":"https:\/\/caetanoposters.com\/it\/prodotto\/rejoicing-comes-in-the-morning\/#breadcrumb","itemListElement":[{"@type":"ListItem","position":1,"name":"In\u00edcio","item":"https:\/\/caetanoposters.com\/it\/"},{"@type":"ListItem","position":2,"name":"Shop","item":"https:\/\/caetanoposters.com\/it\/negozio\/"},{"@type":"ListItem","position":3,"name":"REJOICING COMES IN THE MORNING"}]},{"@type":"WebSite","@id":"https:\/\/caetanoposters.com\/it\/#website","url":"https:\/\/caetanoposters.com\/it\/","name":"Caetano Posters","description":"Caetano Posters \u00e9 um projeto art\u00edstico criado pelo designer \u00edtalo-brasileiro Rodrigo Caetano.","publisher":{"@id":"https:\/\/caetanoposters.com\/it\/#organization"},"alternateName":"Posters ecommerce","potentialAction":[{"@type":"SearchAction","target":{"@type":"EntryPoint","urlTemplate":"https:\/\/caetanoposters.com\/it\/?s={search_term_string}"},"query-input":{"@type":"PropertyValueSpecification","valueRequired":true,"valueName":"search_term_string"}}],"inLanguage":"it-IT"},{"@type":"Organization","@id":"https:\/\/caetanoposters.com\/it\/#organization","name":"Caetano Posters","alternateName":"Caetano Posters","url":"https:\/\/caetanoposters.com\/it\/","logo":{"@type":"ImageObject","inLanguage":"it-IT","@id":"https:\/\/caetanoposters.com\/it\/#\/schema\/logo\/image\/","url":"https:\/\/caetanoposters.com\/it\/wp-content\/uploads\/2023\/12\/CP_LOGO_Black.png","contentUrl":"https:\/\/caetanoposters.com\/it\/wp-content\/uploads\/2023\/12\/CP_LOGO_Black.png","width":500,"height":157,"caption":"Caetano Posters"},"image":{"@id":"https:\/\/caetanoposters.com\/it\/#\/schema\/logo\/image\/"},"sameAs":["https:\/\/www.facebook.com\/people\/Caetano-Posters\/61555187193797\/","https:\/\/www.instagram.com\/caetanoposters\/"]}]}},"jetpack_sharing_enabled":true,"_links":{"self":[{"href":"https:\/\/caetanoposters.com\/it\/wp-json\/wp\/v2\/product\/471","targetHints":{"allow":["GET"]}}],"collection":[{"href":"https:\/\/caetanoposters.com\/it\/wp-json\/wp\/v2\/product"}],"about":[{"href":"https:\/\/caetanoposters.com\/it\/wp-json\/wp\/v2\/types\/product"}],"replies":[{"embeddable":true,"href":"https:\/\/caetanoposters.com\/it\/wp-json\/wp\/v2\/comments?post=471"}],"wp:featuredmedia":[{"embeddable":true,"href":"https:\/\/caetanoposters.com\/it\/wp-json\/wp\/v2\/media\/24"}],"wp:attachment":[{"href":"https:\/\/caetanoposters.com\/it\/wp-json\/wp\/v2\/media?parent=471"}],"wp:term":[{"taxonomy":"product_brand","embeddable":true,"href":"https:\/\/caetanoposters.com\/it\/wp-json\/wp\/v2\/product_brand?post=471"},{"taxonomy":"product_cat","embeddable":true,"href":"https:\/\/caetanoposters.com\/it\/wp-json\/wp\/v2\/product_cat?post=471"},{"taxonomy":"product_tag","embeddable":true,"href":"https:\/\/caetanoposters.com\/it\/wp-json\/wp\/v2\/product_tag?post=471"}],"curies":[{"name":"wp","href":"https:\/\/api.w.org\/{rel}","templated":true}]}}