{"id":475,"date":"2024-02-07T13:38:04","date_gmt":"2024-02-07T13:38:04","guid":{"rendered":"https:\/\/caetanoposters.com\/?post_type=product&#038;p=475"},"modified":"2024-04-24T15:15:01","modified_gmt":"2024-04-24T15:15:01","slug":"the-manifold-wisdom","status":"publish","type":"product","link":"https:\/\/caetanoposters.com\/it\/prodotto\/the-manifold-wisdom\/","title":{"rendered":"THE MANIFOLD WISDOM"},"content":{"rendered":"","protected":false},"excerpt":{"rendered":"<p>Questo poster rappresenta il passo di Efesini 3:10, che sottolinea come la chiesa riveli la multiforme saggezza di Dio. I colori primari e le loro svariate combinazioni simboleggiano questa diversit\u00e0 di saggezza. La mescolanza di colori rappresenta la grazia manifestata tramite Ges\u00f9 (YESHUA), evidenziando come attraverso la chiesa, la saggezza infinitamente variegata di Dio si manifesti in modi sorprendenti e illimitati.<\/p>\n","protected":false},"featured_media":23,"comment_status":"open","ping_status":"closed","template":"","meta":{"_joinchat":[]},"product_brand":[],"product_cat":[16,22],"product_tag":[],"class_list":{"0":"post-475","1":"product","2":"type-product","3":"status-publish","4":"has-post-thumbnail","6":"product_cat-bible-series","7":"product_cat-tipografici","9":"first","10":"onbackorder","11":"purchasable","12":"product-type-variable","13":"has-default-attributes"},"yoast_head":"<!-- This site is optimized with the Yoast SEO plugin v26.7 - https:\/\/yoast.com\/wordpress\/plugins\/seo\/ -->\n<title>THE MANIFOLD WISDOM - Caetano Posters<\/title>\n<meta name=\"robots\" content=\"index, follow, max-snippet:-1, max-image-preview:large, max-video-preview:-1\" \/>\n<link rel=\"canonical\" href=\"https:\/\/caetanoposters.com\/it\/prodotto\/the-manifold-wisdom\/\" \/>\n<meta property=\"og:locale\" content=\"it_IT\" \/>\n<meta property=\"og:type\" content=\"article\" \/>\n<meta property=\"og:title\" content=\"THE MANIFOLD WISDOM - Caetano Posters\" \/>\n<meta property=\"og:description\" content=\"Questo poster rappresenta il passo di Efesini 3:10, che sottolinea come la chiesa riveli la multiforme saggezza di Dio. I colori primari e le loro svariate combinazioni simboleggiano questa diversit\u00e0 di saggezza. La mescolanza di colori rappresenta la grazia manifestata tramite Ges\u00f9 (YESHUA), evidenziando come attraverso la chiesa, la saggezza infinitamente variegata di Dio si manifesti in modi sorprendenti e illimitati.\" \/>\n<meta property=\"og:url\" content=\"https:\/\/caetanoposters.com\/it\/prodotto\/the-manifold-wisdom\/\" \/>\n<meta property=\"og:site_name\" content=\"Caetano Posters\" \/>\n<meta property=\"article:publisher\" content=\"https:\/\/www.facebook.com\/people\/Caetano-Posters\/61555187193797\/\" \/>\n<meta property=\"article:modified_time\" content=\"2024-04-24T15:15:01+00:00\" \/>\n<meta property=\"og:image\" content=\"https:\/\/caetanoposters.com\/it\/wp-content\/uploads\/2023\/12\/003_2023_1500x1500.jpg\" \/>\n\t<meta property=\"og:image:width\" content=\"1500\" \/>\n\t<meta property=\"og:image:height\" content=\"1500\" \/>\n\t<meta property=\"og:image:type\" content=\"image\/jpeg\" \/>\n<meta name=\"twitter:card\" content=\"summary_large_image\" \/>\n<meta name=\"twitter:label1\" content=\"Tempo di lettura stimato\" \/>\n\t<meta name=\"twitter:data1\" content=\"1 minuto\" \/>\n<script type=\"application\/ld+json\" class=\"yoast-schema-graph\">{\"@context\":\"https:\/\/schema.org\",\"@graph\":[{\"@type\":\"WebPage\",\"@id\":\"https:\/\/caetanoposters.com\/it\/prodotto\/the-manifold-wisdom\/\",\"url\":\"https:\/\/caetanoposters.com\/it\/prodotto\/the-manifold-wisdom\/\",\"name\":\"THE MANIFOLD WISDOM - Caetano Posters\",\"isPartOf\":{\"@id\":\"https:\/\/caetanoposters.com\/it\/#website\"},\"primaryImageOfPage\":{\"@id\":\"https:\/\/caetanoposters.com\/it\/prodotto\/the-manifold-wisdom\/#primaryimage\"},\"image\":{\"@id\":\"https:\/\/caetanoposters.com\/it\/prodotto\/the-manifold-wisdom\/#primaryimage\"},\"thumbnailUrl\":\"https:\/\/caetanoposters.com\/it\/wp-content\/uploads\/2023\/12\/003_2023_1500x1500.jpg\",\"datePublished\":\"2024-02-07T13:38:04+00:00\",\"dateModified\":\"2024-04-24T15:15:01+00:00\",\"breadcrumb\":{\"@id\":\"https:\/\/caetanoposters.com\/it\/prodotto\/the-manifold-wisdom\/#breadcrumb\"},\"inLanguage\":\"it-IT\",\"potentialAction\":[{\"@type\":\"ReadAction\",\"target\":[\"https:\/\/caetanoposters.com\/it\/prodotto\/the-manifold-wisdom\/\"]}]},{\"@type\":\"ImageObject\",\"inLanguage\":\"it-IT\",\"@id\":\"https:\/\/caetanoposters.com\/it\/prodotto\/the-manifold-wisdom\/#primaryimage\",\"url\":\"https:\/\/caetanoposters.com\/it\/wp-content\/uploads\/2023\/12\/003_2023_1500x1500.jpg\",\"contentUrl\":\"https:\/\/caetanoposters.com\/it\/wp-content\/uploads\/2023\/12\/003_2023_1500x1500.jpg\",\"width\":1500,\"height\":1500},{\"@type\":\"BreadcrumbList\",\"@id\":\"https:\/\/caetanoposters.com\/it\/prodotto\/the-manifold-wisdom\/#breadcrumb\",\"itemListElement\":[{\"@type\":\"ListItem\",\"position\":1,\"name\":\"In\u00edcio\",\"item\":\"https:\/\/caetanoposters.com\/it\/\"},{\"@type\":\"ListItem\",\"position\":2,\"name\":\"Shop\",\"item\":\"https:\/\/caetanoposters.com\/it\/negozio\/\"},{\"@type\":\"ListItem\",\"position\":3,\"name\":\"THE MANIFOLD WISDOM\"}]},{\"@type\":\"WebSite\",\"@id\":\"https:\/\/caetanoposters.com\/it\/#website\",\"url\":\"https:\/\/caetanoposters.com\/it\/\",\"name\":\"Caetano Posters\",\"description\":\"Caetano Posters \u00e9 um projeto art\u00edstico criado pelo designer \u00edtalo-brasileiro Rodrigo Caetano.\",\"publisher\":{\"@id\":\"https:\/\/caetanoposters.com\/it\/#organization\"},\"alternateName\":\"Posters ecommerce\",\"potentialAction\":[{\"@type\":\"SearchAction\",\"target\":{\"@type\":\"EntryPoint\",\"urlTemplate\":\"https:\/\/caetanoposters.com\/it\/?s={search_term_string}\"},\"query-input\":{\"@type\":\"PropertyValueSpecification\",\"valueRequired\":true,\"valueName\":\"search_term_string\"}}],\"inLanguage\":\"it-IT\"},{\"@type\":\"Organization\",\"@id\":\"https:\/\/caetanoposters.com\/it\/#organization\",\"name\":\"Caetano Posters\",\"alternateName\":\"Caetano Posters\",\"url\":\"https:\/\/caetanoposters.com\/it\/\",\"logo\":{\"@type\":\"ImageObject\",\"inLanguage\":\"it-IT\",\"@id\":\"https:\/\/caetanoposters.com\/it\/#\/schema\/logo\/image\/\",\"url\":\"https:\/\/caetanoposters.com\/it\/wp-content\/uploads\/2023\/12\/CP_LOGO_Black.png\",\"contentUrl\":\"https:\/\/caetanoposters.com\/it\/wp-content\/uploads\/2023\/12\/CP_LOGO_Black.png\",\"width\":500,\"height\":157,\"caption\":\"Caetano Posters\"},\"image\":{\"@id\":\"https:\/\/caetanoposters.com\/it\/#\/schema\/logo\/image\/\"},\"sameAs\":[\"https:\/\/www.facebook.com\/people\/Caetano-Posters\/61555187193797\/\",\"https:\/\/www.instagram.com\/caetanoposters\/\"]}]}<\/script>\n<!-- \/ Yoast SEO plugin. -->","yoast_head_json":{"title":"THE MANIFOLD WISDOM - Caetano Posters","robots":{"index":"index","follow":"follow","max-snippet":"max-snippet:-1","max-image-preview":"max-image-preview:large","max-video-preview":"max-video-preview:-1"},"canonical":"https:\/\/caetanoposters.com\/it\/prodotto\/the-manifold-wisdom\/","og_locale":"it_IT","og_type":"article","og_title":"THE MANIFOLD WISDOM - Caetano Posters","og_description":"Questo poster rappresenta il passo di Efesini 3:10, che sottolinea come la chiesa riveli la multiforme saggezza di Dio. I colori primari e le loro svariate combinazioni simboleggiano questa diversit\u00e0 di saggezza. La mescolanza di colori rappresenta la grazia manifestata tramite Ges\u00f9 (YESHUA), evidenziando come attraverso la chiesa, la saggezza infinitamente variegata di Dio si manifesti in modi sorprendenti e illimitati.","og_url":"https:\/\/caetanoposters.com\/it\/prodotto\/the-manifold-wisdom\/","og_site_name":"Caetano Posters","article_publisher":"https:\/\/www.facebook.com\/people\/Caetano-Posters\/61555187193797\/","article_modified_time":"2024-04-24T15:15:01+00:00","og_image":[{"width":1500,"height":1500,"url":"https:\/\/caetanoposters.com\/it\/wp-content\/uploads\/2023\/12\/003_2023_1500x1500.jpg","type":"image\/jpeg"}],"twitter_card":"summary_large_image","twitter_misc":{"Tempo di lettura stimato":"1 minuto"},"schema":{"@context":"https:\/\/schema.org","@graph":[{"@type":"WebPage","@id":"https:\/\/caetanoposters.com\/it\/prodotto\/the-manifold-wisdom\/","url":"https:\/\/caetanoposters.com\/it\/prodotto\/the-manifold-wisdom\/","name":"THE MANIFOLD WISDOM - Caetano Posters","isPartOf":{"@id":"https:\/\/caetanoposters.com\/it\/#website"},"primaryImageOfPage":{"@id":"https:\/\/caetanoposters.com\/it\/prodotto\/the-manifold-wisdom\/#primaryimage"},"image":{"@id":"https:\/\/caetanoposters.com\/it\/prodotto\/the-manifold-wisdom\/#primaryimage"},"thumbnailUrl":"https:\/\/caetanoposters.com\/it\/wp-content\/uploads\/2023\/12\/003_2023_1500x1500.jpg","datePublished":"2024-02-07T13:38:04+00:00","dateModified":"2024-04-24T15:15:01+00:00","breadcrumb":{"@id":"https:\/\/caetanoposters.com\/it\/prodotto\/the-manifold-wisdom\/#breadcrumb"},"inLanguage":"it-IT","potentialAction":[{"@type":"ReadAction","target":["https:\/\/caetanoposters.com\/it\/prodotto\/the-manifold-wisdom\/"]}]},{"@type":"ImageObject","inLanguage":"it-IT","@id":"https:\/\/caetanoposters.com\/it\/prodotto\/the-manifold-wisdom\/#primaryimage","url":"https:\/\/caetanoposters.com\/it\/wp-content\/uploads\/2023\/12\/003_2023_1500x1500.jpg","contentUrl":"https:\/\/caetanoposters.com\/it\/wp-content\/uploads\/2023\/12\/003_2023_1500x1500.jpg","width":1500,"height":1500},{"@type":"BreadcrumbList","@id":"https:\/\/caetanoposters.com\/it\/prodotto\/the-manifold-wisdom\/#breadcrumb","itemListElement":[{"@type":"ListItem","position":1,"name":"In\u00edcio","item":"https:\/\/caetanoposters.com\/it\/"},{"@type":"ListItem","position":2,"name":"Shop","item":"https:\/\/caetanoposters.com\/it\/negozio\/"},{"@type":"ListItem","position":3,"name":"THE MANIFOLD WISDOM"}]},{"@type":"WebSite","@id":"https:\/\/caetanoposters.com\/it\/#website","url":"https:\/\/caetanoposters.com\/it\/","name":"Caetano Posters","description":"Caetano Posters \u00e9 um projeto art\u00edstico criado pelo designer \u00edtalo-brasileiro Rodrigo Caetano.","publisher":{"@id":"https:\/\/caetanoposters.com\/it\/#organization"},"alternateName":"Posters ecommerce","potentialAction":[{"@type":"SearchAction","target":{"@type":"EntryPoint","urlTemplate":"https:\/\/caetanoposters.com\/it\/?s={search_term_string}"},"query-input":{"@type":"PropertyValueSpecification","valueRequired":true,"valueName":"search_term_string"}}],"inLanguage":"it-IT"},{"@type":"Organization","@id":"https:\/\/caetanoposters.com\/it\/#organization","name":"Caetano Posters","alternateName":"Caetano Posters","url":"https:\/\/caetanoposters.com\/it\/","logo":{"@type":"ImageObject","inLanguage":"it-IT","@id":"https:\/\/caetanoposters.com\/it\/#\/schema\/logo\/image\/","url":"https:\/\/caetanoposters.com\/it\/wp-content\/uploads\/2023\/12\/CP_LOGO_Black.png","contentUrl":"https:\/\/caetanoposters.com\/it\/wp-content\/uploads\/2023\/12\/CP_LOGO_Black.png","width":500,"height":157,"caption":"Caetano Posters"},"image":{"@id":"https:\/\/caetanoposters.com\/it\/#\/schema\/logo\/image\/"},"sameAs":["https:\/\/www.facebook.com\/people\/Caetano-Posters\/61555187193797\/","https:\/\/www.instagram.com\/caetanoposters\/"]}]}},"jetpack_sharing_enabled":true,"_links":{"self":[{"href":"https:\/\/caetanoposters.com\/it\/wp-json\/wp\/v2\/product\/475","targetHints":{"allow":["GET"]}}],"collection":[{"href":"https:\/\/caetanoposters.com\/it\/wp-json\/wp\/v2\/product"}],"about":[{"href":"https:\/\/caetanoposters.com\/it\/wp-json\/wp\/v2\/types\/product"}],"replies":[{"embeddable":true,"href":"https:\/\/caetanoposters.com\/it\/wp-json\/wp\/v2\/comments?post=475"}],"wp:featuredmedia":[{"embeddable":true,"href":"https:\/\/caetanoposters.com\/it\/wp-json\/wp\/v2\/media\/23"}],"wp:attachment":[{"href":"https:\/\/caetanoposters.com\/it\/wp-json\/wp\/v2\/media?parent=475"}],"wp:term":[{"taxonomy":"product_brand","embeddable":true,"href":"https:\/\/caetanoposters.com\/it\/wp-json\/wp\/v2\/product_brand?post=475"},{"taxonomy":"product_cat","embeddable":true,"href":"https:\/\/caetanoposters.com\/it\/wp-json\/wp\/v2\/product_cat?post=475"},{"taxonomy":"product_tag","embeddable":true,"href":"https:\/\/caetanoposters.com\/it\/wp-json\/wp\/v2\/product_tag?post=475"}],"curies":[{"name":"wp","href":"https:\/\/api.w.org\/{rel}","templated":true}]}}