{"id":479,"date":"2024-02-07T13:39:40","date_gmt":"2024-02-07T13:39:40","guid":{"rendered":"https:\/\/caetanoposters.com\/?post_type=product&#038;p=479"},"modified":"2024-04-24T15:18:22","modified_gmt":"2024-04-24T15:18:22","slug":"bright-morning-star","status":"publish","type":"product","link":"https:\/\/caetanoposters.com\/it\/prodotto\/bright-morning-star\/","title":{"rendered":"BRIGHT MORNING STAR"},"content":{"rendered":"","protected":false},"excerpt":{"rendered":"<p>Questo poster \u00e8 ispirato al capitolo 22 dell&#8217;Apocalisse, versetto 16, in cui Ges\u00f9 dichiara: &#8220;Io sono la radice e la progenie di Davide, la luminosa Stella del Mattino&#8221;. Attraverso il simbolo della bandiera di Israele, la stella di Davide, che rappresenta il luogo di nascita del Messia, l&#8217;opera visualizza Ges\u00f9 come la luce che risuona nell&#8217;oscurit\u00e0 e splende per tutta l&#8217;umanit\u00e0. L&#8217;immagine riflette la luminosit\u00e0 divina e la promessa di speranza portata da Ges\u00f9, la Luminosa Stella del Mattino.<\/p>\n","protected":false},"featured_media":22,"comment_status":"open","ping_status":"closed","template":"","meta":{"_joinchat":[]},"product_brand":[],"product_cat":[16,24],"product_tag":[],"class_list":{"0":"post-479","1":"product","2":"type-product","3":"status-publish","4":"has-post-thumbnail","6":"product_cat-bible-series","7":"product_cat-monocromatici","9":"first","10":"onbackorder","11":"purchasable","12":"product-type-variable","13":"has-default-attributes"},"yoast_head":"<!-- This site is optimized with the Yoast SEO plugin v26.7 - https:\/\/yoast.com\/wordpress\/plugins\/seo\/ -->\n<title>BRIGHT MORNING STAR - Caetano Posters<\/title>\n<meta name=\"robots\" content=\"index, follow, max-snippet:-1, max-image-preview:large, max-video-preview:-1\" \/>\n<link rel=\"canonical\" href=\"https:\/\/caetanoposters.com\/it\/prodotto\/bright-morning-star\/\" \/>\n<meta property=\"og:locale\" content=\"it_IT\" \/>\n<meta property=\"og:type\" content=\"article\" \/>\n<meta property=\"og:title\" content=\"BRIGHT MORNING STAR - Caetano Posters\" \/>\n<meta property=\"og:description\" content=\"Questo poster \u00e8 ispirato al capitolo 22 dell&#039;Apocalisse, versetto 16, in cui Ges\u00f9 dichiara: &quot;Io sono la radice e la progenie di Davide, la luminosa Stella del Mattino&quot;. Attraverso il simbolo della bandiera di Israele, la stella di Davide, che rappresenta il luogo di nascita del Messia, l&#039;opera visualizza Ges\u00f9 come la luce che risuona nell&#039;oscurit\u00e0 e splende per tutta l&#039;umanit\u00e0. L&#039;immagine riflette la luminosit\u00e0 divina e la promessa di speranza portata da Ges\u00f9, la Luminosa Stella del Mattino.\" \/>\n<meta property=\"og:url\" content=\"https:\/\/caetanoposters.com\/it\/prodotto\/bright-morning-star\/\" \/>\n<meta property=\"og:site_name\" content=\"Caetano Posters\" \/>\n<meta property=\"article:publisher\" content=\"https:\/\/www.facebook.com\/people\/Caetano-Posters\/61555187193797\/\" \/>\n<meta property=\"article:modified_time\" content=\"2024-04-24T15:18:22+00:00\" \/>\n<meta property=\"og:image\" content=\"https:\/\/caetanoposters.com\/it\/wp-content\/uploads\/2023\/12\/004_2023_1500x1500.jpg\" \/>\n\t<meta property=\"og:image:width\" content=\"1500\" \/>\n\t<meta property=\"og:image:height\" content=\"1500\" \/>\n\t<meta property=\"og:image:type\" content=\"image\/jpeg\" \/>\n<meta name=\"twitter:card\" content=\"summary_large_image\" \/>\n<meta name=\"twitter:label1\" content=\"Tempo di lettura stimato\" \/>\n\t<meta name=\"twitter:data1\" content=\"1 minuto\" \/>\n<script type=\"application\/ld+json\" class=\"yoast-schema-graph\">{\"@context\":\"https:\/\/schema.org\",\"@graph\":[{\"@type\":\"WebPage\",\"@id\":\"https:\/\/caetanoposters.com\/it\/prodotto\/bright-morning-star\/\",\"url\":\"https:\/\/caetanoposters.com\/it\/prodotto\/bright-morning-star\/\",\"name\":\"BRIGHT MORNING STAR - Caetano Posters\",\"isPartOf\":{\"@id\":\"https:\/\/caetanoposters.com\/it\/#website\"},\"primaryImageOfPage\":{\"@id\":\"https:\/\/caetanoposters.com\/it\/prodotto\/bright-morning-star\/#primaryimage\"},\"image\":{\"@id\":\"https:\/\/caetanoposters.com\/it\/prodotto\/bright-morning-star\/#primaryimage\"},\"thumbnailUrl\":\"https:\/\/caetanoposters.com\/it\/wp-content\/uploads\/2023\/12\/004_2023_1500x1500.jpg\",\"datePublished\":\"2024-02-07T13:39:40+00:00\",\"dateModified\":\"2024-04-24T15:18:22+00:00\",\"breadcrumb\":{\"@id\":\"https:\/\/caetanoposters.com\/it\/prodotto\/bright-morning-star\/#breadcrumb\"},\"inLanguage\":\"it-IT\",\"potentialAction\":[{\"@type\":\"ReadAction\",\"target\":[\"https:\/\/caetanoposters.com\/it\/prodotto\/bright-morning-star\/\"]}]},{\"@type\":\"ImageObject\",\"inLanguage\":\"it-IT\",\"@id\":\"https:\/\/caetanoposters.com\/it\/prodotto\/bright-morning-star\/#primaryimage\",\"url\":\"https:\/\/caetanoposters.com\/it\/wp-content\/uploads\/2023\/12\/004_2023_1500x1500.jpg\",\"contentUrl\":\"https:\/\/caetanoposters.com\/it\/wp-content\/uploads\/2023\/12\/004_2023_1500x1500.jpg\",\"width\":1500,\"height\":1500},{\"@type\":\"BreadcrumbList\",\"@id\":\"https:\/\/caetanoposters.com\/it\/prodotto\/bright-morning-star\/#breadcrumb\",\"itemListElement\":[{\"@type\":\"ListItem\",\"position\":1,\"name\":\"In\u00edcio\",\"item\":\"https:\/\/caetanoposters.com\/it\/\"},{\"@type\":\"ListItem\",\"position\":2,\"name\":\"Shop\",\"item\":\"https:\/\/caetanoposters.com\/it\/negozio\/\"},{\"@type\":\"ListItem\",\"position\":3,\"name\":\"BRIGHT MORNING STAR\"}]},{\"@type\":\"WebSite\",\"@id\":\"https:\/\/caetanoposters.com\/it\/#website\",\"url\":\"https:\/\/caetanoposters.com\/it\/\",\"name\":\"Caetano Posters\",\"description\":\"Caetano Posters \u00e9 um projeto art\u00edstico criado pelo designer \u00edtalo-brasileiro Rodrigo Caetano.\",\"publisher\":{\"@id\":\"https:\/\/caetanoposters.com\/it\/#organization\"},\"alternateName\":\"Posters ecommerce\",\"potentialAction\":[{\"@type\":\"SearchAction\",\"target\":{\"@type\":\"EntryPoint\",\"urlTemplate\":\"https:\/\/caetanoposters.com\/it\/?s={search_term_string}\"},\"query-input\":{\"@type\":\"PropertyValueSpecification\",\"valueRequired\":true,\"valueName\":\"search_term_string\"}}],\"inLanguage\":\"it-IT\"},{\"@type\":\"Organization\",\"@id\":\"https:\/\/caetanoposters.com\/it\/#organization\",\"name\":\"Caetano Posters\",\"alternateName\":\"Caetano Posters\",\"url\":\"https:\/\/caetanoposters.com\/it\/\",\"logo\":{\"@type\":\"ImageObject\",\"inLanguage\":\"it-IT\",\"@id\":\"https:\/\/caetanoposters.com\/it\/#\/schema\/logo\/image\/\",\"url\":\"https:\/\/caetanoposters.com\/it\/wp-content\/uploads\/2023\/12\/CP_LOGO_Black.png\",\"contentUrl\":\"https:\/\/caetanoposters.com\/it\/wp-content\/uploads\/2023\/12\/CP_LOGO_Black.png\",\"width\":500,\"height\":157,\"caption\":\"Caetano Posters\"},\"image\":{\"@id\":\"https:\/\/caetanoposters.com\/it\/#\/schema\/logo\/image\/\"},\"sameAs\":[\"https:\/\/www.facebook.com\/people\/Caetano-Posters\/61555187193797\/\",\"https:\/\/www.instagram.com\/caetanoposters\/\"]}]}<\/script>\n<!-- \/ Yoast SEO plugin. -->","yoast_head_json":{"title":"BRIGHT MORNING STAR - Caetano Posters","robots":{"index":"index","follow":"follow","max-snippet":"max-snippet:-1","max-image-preview":"max-image-preview:large","max-video-preview":"max-video-preview:-1"},"canonical":"https:\/\/caetanoposters.com\/it\/prodotto\/bright-morning-star\/","og_locale":"it_IT","og_type":"article","og_title":"BRIGHT MORNING STAR - Caetano Posters","og_description":"Questo poster \u00e8 ispirato al capitolo 22 dell'Apocalisse, versetto 16, in cui Ges\u00f9 dichiara: \"Io sono la radice e la progenie di Davide, la luminosa Stella del Mattino\". Attraverso il simbolo della bandiera di Israele, la stella di Davide, che rappresenta il luogo di nascita del Messia, l'opera visualizza Ges\u00f9 come la luce che risuona nell'oscurit\u00e0 e splende per tutta l'umanit\u00e0. L'immagine riflette la luminosit\u00e0 divina e la promessa di speranza portata da Ges\u00f9, la Luminosa Stella del Mattino.","og_url":"https:\/\/caetanoposters.com\/it\/prodotto\/bright-morning-star\/","og_site_name":"Caetano Posters","article_publisher":"https:\/\/www.facebook.com\/people\/Caetano-Posters\/61555187193797\/","article_modified_time":"2024-04-24T15:18:22+00:00","og_image":[{"width":1500,"height":1500,"url":"https:\/\/caetanoposters.com\/it\/wp-content\/uploads\/2023\/12\/004_2023_1500x1500.jpg","type":"image\/jpeg"}],"twitter_card":"summary_large_image","twitter_misc":{"Tempo di lettura stimato":"1 minuto"},"schema":{"@context":"https:\/\/schema.org","@graph":[{"@type":"WebPage","@id":"https:\/\/caetanoposters.com\/it\/prodotto\/bright-morning-star\/","url":"https:\/\/caetanoposters.com\/it\/prodotto\/bright-morning-star\/","name":"BRIGHT MORNING STAR - Caetano Posters","isPartOf":{"@id":"https:\/\/caetanoposters.com\/it\/#website"},"primaryImageOfPage":{"@id":"https:\/\/caetanoposters.com\/it\/prodotto\/bright-morning-star\/#primaryimage"},"image":{"@id":"https:\/\/caetanoposters.com\/it\/prodotto\/bright-morning-star\/#primaryimage"},"thumbnailUrl":"https:\/\/caetanoposters.com\/it\/wp-content\/uploads\/2023\/12\/004_2023_1500x1500.jpg","datePublished":"2024-02-07T13:39:40+00:00","dateModified":"2024-04-24T15:18:22+00:00","breadcrumb":{"@id":"https:\/\/caetanoposters.com\/it\/prodotto\/bright-morning-star\/#breadcrumb"},"inLanguage":"it-IT","potentialAction":[{"@type":"ReadAction","target":["https:\/\/caetanoposters.com\/it\/prodotto\/bright-morning-star\/"]}]},{"@type":"ImageObject","inLanguage":"it-IT","@id":"https:\/\/caetanoposters.com\/it\/prodotto\/bright-morning-star\/#primaryimage","url":"https:\/\/caetanoposters.com\/it\/wp-content\/uploads\/2023\/12\/004_2023_1500x1500.jpg","contentUrl":"https:\/\/caetanoposters.com\/it\/wp-content\/uploads\/2023\/12\/004_2023_1500x1500.jpg","width":1500,"height":1500},{"@type":"BreadcrumbList","@id":"https:\/\/caetanoposters.com\/it\/prodotto\/bright-morning-star\/#breadcrumb","itemListElement":[{"@type":"ListItem","position":1,"name":"In\u00edcio","item":"https:\/\/caetanoposters.com\/it\/"},{"@type":"ListItem","position":2,"name":"Shop","item":"https:\/\/caetanoposters.com\/it\/negozio\/"},{"@type":"ListItem","position":3,"name":"BRIGHT MORNING STAR"}]},{"@type":"WebSite","@id":"https:\/\/caetanoposters.com\/it\/#website","url":"https:\/\/caetanoposters.com\/it\/","name":"Caetano Posters","description":"Caetano Posters \u00e9 um projeto art\u00edstico criado pelo designer \u00edtalo-brasileiro Rodrigo Caetano.","publisher":{"@id":"https:\/\/caetanoposters.com\/it\/#organization"},"alternateName":"Posters ecommerce","potentialAction":[{"@type":"SearchAction","target":{"@type":"EntryPoint","urlTemplate":"https:\/\/caetanoposters.com\/it\/?s={search_term_string}"},"query-input":{"@type":"PropertyValueSpecification","valueRequired":true,"valueName":"search_term_string"}}],"inLanguage":"it-IT"},{"@type":"Organization","@id":"https:\/\/caetanoposters.com\/it\/#organization","name":"Caetano Posters","alternateName":"Caetano Posters","url":"https:\/\/caetanoposters.com\/it\/","logo":{"@type":"ImageObject","inLanguage":"it-IT","@id":"https:\/\/caetanoposters.com\/it\/#\/schema\/logo\/image\/","url":"https:\/\/caetanoposters.com\/it\/wp-content\/uploads\/2023\/12\/CP_LOGO_Black.png","contentUrl":"https:\/\/caetanoposters.com\/it\/wp-content\/uploads\/2023\/12\/CP_LOGO_Black.png","width":500,"height":157,"caption":"Caetano Posters"},"image":{"@id":"https:\/\/caetanoposters.com\/it\/#\/schema\/logo\/image\/"},"sameAs":["https:\/\/www.facebook.com\/people\/Caetano-Posters\/61555187193797\/","https:\/\/www.instagram.com\/caetanoposters\/"]}]}},"jetpack_sharing_enabled":true,"_links":{"self":[{"href":"https:\/\/caetanoposters.com\/it\/wp-json\/wp\/v2\/product\/479","targetHints":{"allow":["GET"]}}],"collection":[{"href":"https:\/\/caetanoposters.com\/it\/wp-json\/wp\/v2\/product"}],"about":[{"href":"https:\/\/caetanoposters.com\/it\/wp-json\/wp\/v2\/types\/product"}],"replies":[{"embeddable":true,"href":"https:\/\/caetanoposters.com\/it\/wp-json\/wp\/v2\/comments?post=479"}],"wp:featuredmedia":[{"embeddable":true,"href":"https:\/\/caetanoposters.com\/it\/wp-json\/wp\/v2\/media\/22"}],"wp:attachment":[{"href":"https:\/\/caetanoposters.com\/it\/wp-json\/wp\/v2\/media?parent=479"}],"wp:term":[{"taxonomy":"product_brand","embeddable":true,"href":"https:\/\/caetanoposters.com\/it\/wp-json\/wp\/v2\/product_brand?post=479"},{"taxonomy":"product_cat","embeddable":true,"href":"https:\/\/caetanoposters.com\/it\/wp-json\/wp\/v2\/product_cat?post=479"},{"taxonomy":"product_tag","embeddable":true,"href":"https:\/\/caetanoposters.com\/it\/wp-json\/wp\/v2\/product_tag?post=479"}],"curies":[{"name":"wp","href":"https:\/\/api.w.org\/{rel}","templated":true}]}}